{"id":6220,"date":"2022-01-24T16:49:02","date_gmt":"2022-01-24T16:49:02","guid":{"rendered":"https:\/\/cxblog.com\/sobre-cxblog\/"},"modified":"2022-05-27T16:06:14","modified_gmt":"2022-05-27T16:06:14","slug":"sobre-cxblog","status":"publish","type":"page","link":"https:\/\/cxblog.com\/es\/sobre-cxblog\/","title":{"rendered":"Sobre CXBlog"},"content":{"rendered":"\t\t<div data-elementor-type=\"wp-page\" data-elementor-id=\"6220\" class=\"elementor elementor-6220 elementor-72\" data-elementor-post-type=\"page\">\n\t\t\t\t\t\t<section class=\"elementor-section elementor-top-section elementor-element elementor-element-7362f84 elementor-section-boxed elementor-section-height-default elementor-section-height-default\" data-id=\"7362f84\" data-element_type=\"section\" data-e-type=\"section\">\n\t\t\t\t\t\t<div class=\"elementor-container elementor-column-gap-default\">\n\t\t\t\t\t<div class=\"elementor-column elementor-col-100 elementor-top-column elementor-element elementor-element-209b0ae\" data-id=\"209b0ae\" data-element_type=\"column\" data-e-type=\"column\">\n\t\t\t<div class=\"elementor-widget-wrap elementor-element-populated\">\n\t\t\t\t\t\t<section class=\"elementor-section elementor-inner-section elementor-element elementor-element-f74fc74 elementor-section-content-middle elementor-section-boxed elementor-section-height-default elementor-section-height-default\" data-id=\"f74fc74\" data-element_type=\"section\" data-e-type=\"section\">\n\t\t\t\t\t\t<div class=\"elementor-container elementor-column-gap-wide\">\n\t\t\t\t\t<div class=\"elementor-column elementor-col-50 elementor-inner-column elementor-element elementor-element-4239c32\" data-id=\"4239c32\" data-element_type=\"column\" data-e-type=\"column\">\n\t\t\t<div class=\"elementor-widget-wrap elementor-element-populated\">\n\t\t\t\t\t\t<div class=\"elementor-element elementor-element-97de0bf elementor-widget elementor-widget-image\" data-id=\"97de0bf\" data-element_type=\"widget\" data-e-type=\"widget\" data-widget_type=\"image.default\">\n\t\t\t\t<div class=\"elementor-widget-container\">\n\t\t\t\t\t\t\t\t\t\t\t\t\t\t\t<img fetchpriority=\"high\" decoding=\"async\" width=\"811\" height=\"606\" src=\"https:\/\/cxblog.com\/wp-content\/uploads\/2022\/02\/top-section.png\" class=\"attachment-large size-large wp-image-1713\" alt=\"\" srcset=\"https:\/\/cxblog.com\/wp-content\/uploads\/2022\/02\/top-section.png 811w, https:\/\/cxblog.com\/wp-content\/uploads\/2022\/02\/top-section-300x224.png 300w, https:\/\/cxblog.com\/wp-content\/uploads\/2022\/02\/top-section-768x574.png 768w\" sizes=\"(max-width: 811px) 100vw, 811px\" \/>\t\t\t\t\t\t\t\t\t\t\t\t\t\t\t<\/div>\n\t\t\t\t<\/div>\n\t\t\t\t\t<\/div>\n\t\t<\/div>\n\t\t\t\t<div class=\"elementor-column elementor-col-50 elementor-inner-column elementor-element elementor-element-61496da\" data-id=\"61496da\" data-element_type=\"column\" data-e-type=\"column\">\n\t\t\t<div class=\"elementor-widget-wrap elementor-element-populated\">\n\t\t\t\t\t\t<div class=\"elementor-element elementor-element-8ad2eca elementor-widget elementor-widget-heading\" data-id=\"8ad2eca\" data-element_type=\"widget\" data-e-type=\"widget\" data-widget_type=\"heading.default\">\n\t\t\t\t<div class=\"elementor-widget-container\">\n\t\t\t\t\t<h1 class=\"elementor-heading-title elementor-size-default\">CXBlog<\/h1>\t\t\t\t<\/div>\n\t\t\t\t<\/div>\n\t\t\t\t<div class=\"elementor-element elementor-element-85bfae2 elementor-widget elementor-widget-heading\" data-id=\"85bfae2\" data-element_type=\"widget\" data-e-type=\"widget\" data-widget_type=\"heading.default\">\n\t\t\t\t<div class=\"elementor-widget-container\">\n\t\t\t\t\t<h2 class=\"elementor-heading-title elementor-size-default\">El Blog de Customer Experience<\/h2>\t\t\t\t<\/div>\n\t\t\t\t<\/div>\n\t\t\t\t<div class=\"elementor-element elementor-element-3a5e5b3 elementor-widget elementor-widget-text-editor\" data-id=\"3a5e5b3\" data-element_type=\"widget\" data-e-type=\"widget\" data-widget_type=\"text-editor.default\">\n\t\t\t\t<div class=\"elementor-widget-container\">\n\t\t\t\t\t\t\t\t\t<p>Un blog abierto y de libre acceso que comparte buenas pr\u00e1cticas y tendencias en este \u00e1mbito.<\/p>\t\t\t\t\t\t\t\t<\/div>\n\t\t\t\t<\/div>\n\t\t\t\t<div class=\"elementor-element elementor-element-159c396 elementor-widget elementor-widget-heading\" data-id=\"159c396\" data-element_type=\"widget\" data-e-type=\"widget\" data-widget_type=\"heading.default\">\n\t\t\t\t<div class=\"elementor-widget-container\">\n\t\t\t\t\t<h2 class=\"elementor-heading-title elementor-size-default\">Por qu\u00e9 CXBlog?<\/h2>\t\t\t\t<\/div>\n\t\t\t\t<\/div>\n\t\t\t\t<div class=\"elementor-element elementor-element-209bdb7 elementor-widget elementor-widget-text-editor\" data-id=\"209bdb7\" data-element_type=\"widget\" data-e-type=\"widget\" data-widget_type=\"text-editor.default\">\n\t\t\t\t<div class=\"elementor-widget-container\">\n\t\t\t\t\t\t\t\t\t<p>Porque no existe una plataforma id\u00e9ntica. Para transmitir conocimiento y sacar el m\u00e1ximo rendimiento a tu contact center o a las operaciones de atenci\u00f3n al cliente.<\/p>\t\t\t\t\t\t\t\t<\/div>\n\t\t\t\t<\/div>\n\t\t\t\t\t<\/div>\n\t\t<\/div>\n\t\t\t\t\t<\/div>\n\t\t<\/section>\n\t\t\t\t\t<\/div>\n\t\t<\/div>\n\t\t\t\t\t<\/div>\n\t\t<\/section>\n\t\t\t\t<section class=\"elementor-section elementor-top-section elementor-element elementor-element-2f4fb09 elementor-reverse-mobile elementor-section-boxed elementor-section-height-default elementor-section-height-default\" data-id=\"2f4fb09\" data-element_type=\"section\" data-e-type=\"section\">\n\t\t\t\t\t\t<div class=\"elementor-container elementor-column-gap-default\">\n\t\t\t\t\t<div class=\"elementor-column elementor-col-100 elementor-top-column elementor-element elementor-element-c9e9c19\" data-id=\"c9e9c19\" data-element_type=\"column\" data-e-type=\"column\">\n\t\t\t<div class=\"elementor-widget-wrap elementor-element-populated\">\n\t\t\t\t\t\t<section class=\"elementor-section elementor-inner-section elementor-element elementor-element-d9e30a7 elementor-section-content-middle elementor-reverse-mobile elementor-section-boxed elementor-section-height-default elementor-section-height-default\" data-id=\"d9e30a7\" data-element_type=\"section\" data-e-type=\"section\">\n\t\t\t\t\t\t<div class=\"elementor-container elementor-column-gap-wide\">\n\t\t\t\t\t<div class=\"elementor-column elementor-col-50 elementor-inner-column elementor-element elementor-element-41cbe2a\" data-id=\"41cbe2a\" data-element_type=\"column\" data-e-type=\"column\">\n\t\t\t<div class=\"elementor-widget-wrap elementor-element-populated\">\n\t\t\t\t\t\t<div class=\"elementor-element elementor-element-3271a8f elementor-widget elementor-widget-heading\" data-id=\"3271a8f\" data-element_type=\"widget\" data-e-type=\"widget\" data-widget_type=\"heading.default\">\n\t\t\t\t<div class=\"elementor-widget-container\">\n\t\t\t\t\t<h2 class=\"elementor-heading-title elementor-size-default\">\u00bfQu\u00e9 temas cubre CXBlog?<\/h2>\t\t\t\t<\/div>\n\t\t\t\t<\/div>\n\t\t\t\t<div class=\"elementor-element elementor-element-f0423a4 elementor-widget elementor-widget-text-editor\" data-id=\"f0423a4\" data-element_type=\"widget\" data-e-type=\"widget\" data-widget_type=\"text-editor.default\">\n\t\t\t\t<div class=\"elementor-widget-container\">\n\t\t\t\t\t\t\t\t\t<p>Los temas principales son Experiencia de Cliente, Contact Center y Negocios. <\/p>\t\t\t\t\t\t\t\t<\/div>\n\t\t\t\t<\/div>\n\t\t\t\t<div class=\"elementor-element elementor-element-47a2451 elementor-widget elementor-widget-heading\" data-id=\"47a2451\" data-element_type=\"widget\" data-e-type=\"widget\" data-widget_type=\"heading.default\">\n\t\t\t\t<div class=\"elementor-widget-container\">\n\t\t\t\t\t<h2 class=\"elementor-heading-title elementor-size-default\">\u00bfQui\u00e9nes son los bloggers de CXBlog? <\/h2>\t\t\t\t<\/div>\n\t\t\t\t<\/div>\n\t\t\t\t<div class=\"elementor-element elementor-element-47922b1 elementor-widget elementor-widget-text-editor\" data-id=\"47922b1\" data-element_type=\"widget\" data-e-type=\"widget\" data-widget_type=\"text-editor.default\">\n\t\t\t\t<div class=\"elementor-widget-container\">\n\t\t\t\t\t\t\t\t\t<p>Los bloggers de CXBlog son expertos en una variedad de sectores de Contact Centers, Atenci\u00f3n al Cliente y Experiencia de Cliente.<\/p>\t\t\t\t\t\t\t\t<\/div>\n\t\t\t\t<\/div>\n\t\t\t\t<div class=\"elementor-element elementor-element-dc83830 elementor-mobile-align-center elementor-widget elementor-widget-button\" data-id=\"dc83830\" data-element_type=\"widget\" data-e-type=\"widget\" data-widget_type=\"button.default\">\n\t\t\t\t<div class=\"elementor-widget-container\">\n\t\t\t\t\t\t\t\t\t<div class=\"elementor-button-wrapper\">\n\t\t\t\t\t<a class=\"elementor-button elementor-button-link elementor-size-sm\" href=\"\/es\/become-a-blogger\/\">\n\t\t\t\t\t\t<span class=\"elementor-button-content-wrapper\">\n\t\t\t\t\t\t\t\t\t<span class=\"elementor-button-text\">Become a blogger<\/span>\n\t\t\t\t\t<\/span>\n\t\t\t\t\t<\/a>\n\t\t\t\t<\/div>\n\t\t\t\t\t\t\t\t<\/div>\n\t\t\t\t<\/div>\n\t\t\t\t\t<\/div>\n\t\t<\/div>\n\t\t\t\t<div class=\"elementor-column elementor-col-50 elementor-inner-column elementor-element elementor-element-974166f\" data-id=\"974166f\" data-element_type=\"column\" data-e-type=\"column\">\n\t\t\t<div class=\"elementor-widget-wrap elementor-element-populated\">\n\t\t\t\t\t\t<div class=\"elementor-element elementor-element-ff7b2bd elementor-widget elementor-widget-image\" data-id=\"ff7b2bd\" data-element_type=\"widget\" data-e-type=\"widget\" data-widget_type=\"image.default\">\n\t\t\t\t<div class=\"elementor-widget-container\">\n\t\t\t\t\t\t\t\t\t\t\t\t\t\t\t<img decoding=\"async\" width=\"811\" height=\"606\" src=\"https:\/\/cxblog.com\/wp-content\/uploads\/2022\/02\/o-escritorio-virtual-e-o-melhor-de-2-mundos.png\" class=\"attachment-large size-large wp-image-1715\" alt=\"\" srcset=\"https:\/\/cxblog.com\/wp-content\/uploads\/2022\/02\/o-escritorio-virtual-e-o-melhor-de-2-mundos.png 811w, https:\/\/cxblog.com\/wp-content\/uploads\/2022\/02\/o-escritorio-virtual-e-o-melhor-de-2-mundos-300x224.png 300w, https:\/\/cxblog.com\/wp-content\/uploads\/2022\/02\/o-escritorio-virtual-e-o-melhor-de-2-mundos-768x574.png 768w\" sizes=\"(max-width: 811px) 100vw, 811px\" \/>\t\t\t\t\t\t\t\t\t\t\t\t\t\t\t<\/div>\n\t\t\t\t<\/div>\n\t\t\t\t\t<\/div>\n\t\t<\/div>\n\t\t\t\t\t<\/div>\n\t\t<\/section>\n\t\t\t\t\t<\/div>\n\t\t<\/div>\n\t\t\t\t\t<\/div>\n\t\t<\/section>\n\t\t\t\t<section class=\"elementor-section elementor-top-section elementor-element elementor-element-5e1722a elementor-section-boxed elementor-section-height-default elementor-section-height-default\" data-id=\"5e1722a\" data-element_type=\"section\" data-e-type=\"section\">\n\t\t\t\t\t\t<div class=\"elementor-container elementor-column-gap-default\">\n\t\t\t\t\t<div class=\"elementor-column elementor-col-100 elementor-top-column elementor-element elementor-element-bd1ca46\" data-id=\"bd1ca46\" data-element_type=\"column\" data-e-type=\"column\">\n\t\t\t<div class=\"elementor-widget-wrap elementor-element-populated\">\n\t\t\t\t\t\t<div class=\"elementor-element elementor-element-241a9f8 elementor-widget elementor-widget-heading\" data-id=\"241a9f8\" data-element_type=\"widget\" data-e-type=\"widget\" data-widget_type=\"heading.default\">\n\t\t\t\t<div class=\"elementor-widget-container\">\n\t\t\t\t\t<h2 class=\"elementor-heading-title elementor-size-default\">\u00bfSab\u00edas que CXBlog ya tiene 2 a\u00f1os?<\/h2>\t\t\t\t<\/div>\n\t\t\t\t<\/div>\n\t\t\t\t<div class=\"elementor-element elementor-element-b511f96 elementor-widget elementor-widget-heading\" data-id=\"b511f96\" data-element_type=\"widget\" data-e-type=\"widget\" data-widget_type=\"heading.default\">\n\t\t\t\t<div class=\"elementor-widget-container\">\n\t\t\t\t\t<h2 class=\"elementor-heading-title elementor-size-default\">AQU\u00cd EST\u00c1N LOS MEJORES MOMENTOS DE ESTOS 2 A\u00d1OS DE CXBLOG<\/h2>\t\t\t\t<\/div>\n\t\t\t\t<\/div>\n\t\t\t\t<div class=\"elementor-element elementor-element-5b904ec elementor-widget elementor-widget-video\" data-id=\"5b904ec\" data-element_type=\"widget\" data-e-type=\"widget\" data-settings=\"{&quot;youtube_url&quot;:&quot;https:\\\/\\\/www.youtube.com\\\/watch?v=h6eu8n7BHm4&quot;,&quot;yt_privacy&quot;:&quot;yes&quot;,&quot;video_type&quot;:&quot;youtube&quot;,&quot;controls&quot;:&quot;yes&quot;}\" data-widget_type=\"video.default\">\n\t\t\t\t<div class=\"elementor-widget-container\">\n\t\t\t\t\t\t\t<div class=\"elementor-wrapper elementor-open-inline\">\n\t\t\t<div class=\"elementor-video\"><\/div>\t\t<\/div>\n\t\t\t\t\t\t<\/div>\n\t\t\t\t<\/div>\n\t\t\t\t\t<\/div>\n\t\t<\/div>\n\t\t\t\t\t<\/div>\n\t\t<\/section>\n\t\t\t\t<\/div>\n\t\t","protected":false},"excerpt":{"rendered":"<p>CXBlog El Blog de Customer Experience Un blog abierto y de libre acceso que comparte buenas pr\u00e1cticas y tendencias en este \u00e1mbito. Por qu\u00e9 CXBlog? Porque no existe una plataforma id\u00e9ntica. Para transmitir conocimiento y sacar el m\u00e1ximo rendimiento a tu contact center o a las operaciones de atenci\u00f3n al cliente. \u00bfQu\u00e9 temas cubre CXBlog? [&hellip;]<\/p>\n","protected":false},"author":2,"featured_media":0,"parent":0,"menu_order":0,"comment_status":"closed","ping_status":"closed","template":"elementor_header_footer","meta":{"_acf_changed":false,"ocean_post_layout":"full-screen","ocean_both_sidebars_style":"","ocean_both_sidebars_content_width":0,"ocean_both_sidebars_sidebars_width":0,"ocean_sidebar":"0","ocean_second_sidebar":"0","ocean_disable_margins":"on","ocean_add_body_class":"","ocean_shortcode_before_top_bar":"","ocean_shortcode_after_top_bar":"","ocean_shortcode_before_header":"","ocean_shortcode_after_header":"","ocean_has_shortcode":"","ocean_shortcode_after_title":"","ocean_shortcode_before_footer_widgets":"","ocean_shortcode_after_footer_widgets":"","ocean_shortcode_before_footer_bottom":"","ocean_shortcode_after_footer_bottom":"","ocean_display_top_bar":"off","ocean_display_header":"default","ocean_header_style":"","ocean_center_header_left_menu":"0","ocean_custom_header_template":"0","ocean_custom_logo":0,"ocean_custom_retina_logo":0,"ocean_custom_logo_max_width":0,"ocean_custom_logo_tablet_max_width":0,"ocean_custom_logo_mobile_max_width":0,"ocean_custom_logo_max_height":0,"ocean_custom_logo_tablet_max_height":0,"ocean_custom_logo_mobile_max_height":0,"ocean_header_custom_menu":"0","ocean_menu_typo_font_family":"0","ocean_menu_typo_font_subset":"","ocean_menu_typo_font_size":0,"ocean_menu_typo_font_size_tablet":0,"ocean_menu_typo_font_size_mobile":0,"ocean_menu_typo_font_size_unit":"px","ocean_menu_typo_font_weight":"","ocean_menu_typo_font_weight_tablet":"","ocean_menu_typo_font_weight_mobile":"","ocean_menu_typo_transform":"","ocean_menu_typo_transform_tablet":"","ocean_menu_typo_transform_mobile":"","ocean_menu_typo_line_height":0,"ocean_menu_typo_line_height_tablet":0,"ocean_menu_typo_line_height_mobile":0,"ocean_menu_typo_line_height_unit":"","ocean_menu_typo_spacing":0,"ocean_menu_typo_spacing_tablet":0,"ocean_menu_typo_spacing_mobile":0,"ocean_menu_typo_spacing_unit":"","ocean_menu_link_color":"","ocean_menu_link_color_hover":"","ocean_menu_link_color_active":"","ocean_menu_link_background":"","ocean_menu_link_hover_background":"","ocean_menu_link_active_background":"","ocean_menu_social_links_bg":"","ocean_menu_social_hover_links_bg":"","ocean_menu_social_links_color":"","ocean_menu_social_hover_links_color":"","ocean_disable_title":"on","ocean_disable_heading":"default","ocean_post_title":"","ocean_post_subheading":"","ocean_post_title_style":"","ocean_post_title_background_color":"","ocean_post_title_background":0,"ocean_post_title_bg_image_position":"","ocean_post_title_bg_image_attachment":"","ocean_post_title_bg_image_repeat":"","ocean_post_title_bg_image_size":"","ocean_post_title_height":0,"ocean_post_title_bg_overlay":0.5,"ocean_post_title_bg_overlay_color":"","ocean_disable_breadcrumbs":"default","ocean_breadcrumbs_color":"","ocean_breadcrumbs_separator_color":"","ocean_breadcrumbs_links_color":"","ocean_breadcrumbs_links_hover_color":"","ocean_display_footer_widgets":"default","ocean_display_footer_bottom":"default","ocean_custom_footer_template":"0","footnotes":""},"class_list":["post-6220","page","type-page","status-publish","hentry","entry"],"acf":[],"yoast_head":"<!-- This site is optimized with the Yoast SEO Premium plugin v19.4 (Yoast SEO v26.7) - https:\/\/yoast.com\/wordpress\/plugins\/seo\/ -->\n<title>Sobre CXBlog | CXBlog<\/title>\n<meta name=\"robots\" content=\"index, follow, max-snippet:-1, max-image-preview:large, max-video-preview:-1\" \/>\n<link rel=\"canonical\" href=\"https:\/\/cxblog.com\/es\/sobre-cxblog\/\" \/>\n<meta property=\"og:locale\" content=\"es_ES\" \/>\n<meta property=\"og:type\" content=\"article\" \/>\n<meta property=\"og:title\" content=\"Sobre CXBlog\" \/>\n<meta property=\"og:description\" content=\"CXBlog El Blog de Customer Experience Un blog abierto y de libre acceso que comparte buenas pr\u00e1cticas y tendencias en este \u00e1mbito. Por qu\u00e9 CXBlog? Porque no existe una plataforma id\u00e9ntica. Para transmitir conocimiento y sacar el m\u00e1ximo rendimiento a tu contact center o a las operaciones de atenci\u00f3n al cliente. \u00bfQu\u00e9 temas cubre CXBlog? [&hellip;]\" \/>\n<meta property=\"og:url\" content=\"https:\/\/cxblog.com\/es\/sobre-cxblog\/\" \/>\n<meta property=\"og:site_name\" content=\"CXBlog\" \/>\n<meta property=\"article:modified_time\" content=\"2022-05-27T16:06:14+00:00\" \/>\n<meta property=\"og:image\" content=\"https:\/\/cxblog.com\/wp-content\/uploads\/2022\/02\/top-section.png\" \/>\n<meta name=\"twitter:card\" content=\"summary_large_image\" \/>\n<meta name=\"twitter:label1\" content=\"Tiempo de lectura\" \/>\n\t<meta name=\"twitter:data1\" content=\"1 minuto\" \/>\n<script type=\"application\/ld+json\" class=\"yoast-schema-graph\">{\"@context\":\"https:\/\/schema.org\",\"@graph\":[{\"@type\":\"WebPage\",\"@id\":\"https:\/\/cxblog.com\/es\/sobre-cxblog\/\",\"url\":\"https:\/\/cxblog.com\/es\/sobre-cxblog\/\",\"name\":\"Sobre CXBlog | CXBlog\",\"isPartOf\":{\"@id\":\"https:\/\/cxblog.com\/es\/#website\"},\"primaryImageOfPage\":{\"@id\":\"https:\/\/cxblog.com\/es\/sobre-cxblog\/#primaryimage\"},\"image\":{\"@id\":\"https:\/\/cxblog.com\/es\/sobre-cxblog\/#primaryimage\"},\"thumbnailUrl\":\"https:\/\/cxblog.com\/wp-content\/uploads\/2022\/02\/top-section.png\",\"datePublished\":\"2022-01-24T16:49:02+00:00\",\"dateModified\":\"2022-05-27T16:06:14+00:00\",\"breadcrumb\":{\"@id\":\"https:\/\/cxblog.com\/es\/sobre-cxblog\/#breadcrumb\"},\"inLanguage\":\"es\",\"potentialAction\":[{\"@type\":\"ReadAction\",\"target\":[\"https:\/\/cxblog.com\/es\/sobre-cxblog\/\"]}]},{\"@type\":\"ImageObject\",\"inLanguage\":\"es\",\"@id\":\"https:\/\/cxblog.com\/es\/sobre-cxblog\/#primaryimage\",\"url\":\"https:\/\/cxblog.com\/wp-content\/uploads\/2022\/02\/top-section.png\",\"contentUrl\":\"https:\/\/cxblog.com\/wp-content\/uploads\/2022\/02\/top-section.png\"},{\"@type\":\"BreadcrumbList\",\"@id\":\"https:\/\/cxblog.com\/es\/sobre-cxblog\/#breadcrumb\",\"itemListElement\":[{\"@type\":\"ListItem\",\"position\":1,\"name\":\"Home\",\"item\":\"https:\/\/cxblog.com\/es\/\"},{\"@type\":\"ListItem\",\"position\":2,\"name\":\"Sobre CXBlog\"}]},{\"@type\":\"WebSite\",\"@id\":\"https:\/\/cxblog.com\/es\/#website\",\"url\":\"https:\/\/cxblog.com\/es\/\",\"name\":\"CXBlog\",\"description\":\"\",\"publisher\":{\"@id\":\"https:\/\/cxblog.com\/es\/#organization\"},\"potentialAction\":[{\"@type\":\"SearchAction\",\"target\":{\"@type\":\"EntryPoint\",\"urlTemplate\":\"https:\/\/cxblog.com\/es\/?s={search_term_string}\"},\"query-input\":{\"@type\":\"PropertyValueSpecification\",\"valueRequired\":true,\"valueName\":\"search_term_string\"}}],\"inLanguage\":\"es\"},{\"@type\":\"Organization\",\"@id\":\"https:\/\/cxblog.com\/es\/#organization\",\"name\":\"CX Blog\",\"url\":\"https:\/\/cxblog.com\/es\/\",\"logo\":{\"@type\":\"ImageObject\",\"inLanguage\":\"es\",\"@id\":\"https:\/\/cxblog.com\/es\/#\/schema\/logo\/image\/\",\"url\":\"https:\/\/cxblog.com\/wp-content\/uploads\/2022\/01\/Logo-CXBlog-1.png\",\"contentUrl\":\"https:\/\/cxblog.com\/wp-content\/uploads\/2022\/01\/Logo-CXBlog-1.png\",\"width\":201,\"height\":66,\"caption\":\"CX Blog\"},\"image\":{\"@id\":\"https:\/\/cxblog.com\/es\/#\/schema\/logo\/image\/\"}}]}<\/script>\n<!-- \/ Yoast SEO Premium plugin. -->","yoast_head_json":{"title":"Sobre CXBlog | CXBlog","robots":{"index":"index","follow":"follow","max-snippet":"max-snippet:-1","max-image-preview":"max-image-preview:large","max-video-preview":"max-video-preview:-1"},"canonical":"https:\/\/cxblog.com\/es\/sobre-cxblog\/","og_locale":"es_ES","og_type":"article","og_title":"Sobre CXBlog","og_description":"CXBlog El Blog de Customer Experience Un blog abierto y de libre acceso que comparte buenas pr\u00e1cticas y tendencias en este \u00e1mbito. Por qu\u00e9 CXBlog? Porque no existe una plataforma id\u00e9ntica. Para transmitir conocimiento y sacar el m\u00e1ximo rendimiento a tu contact center o a las operaciones de atenci\u00f3n al cliente. \u00bfQu\u00e9 temas cubre CXBlog? [&hellip;]","og_url":"https:\/\/cxblog.com\/es\/sobre-cxblog\/","og_site_name":"CXBlog","article_modified_time":"2022-05-27T16:06:14+00:00","og_image":[{"url":"https:\/\/cxblog.com\/wp-content\/uploads\/2022\/02\/top-section.png","type":"","width":"","height":""}],"twitter_card":"summary_large_image","twitter_misc":{"Tiempo de lectura":"1 minuto"},"schema":{"@context":"https:\/\/schema.org","@graph":[{"@type":"WebPage","@id":"https:\/\/cxblog.com\/es\/sobre-cxblog\/","url":"https:\/\/cxblog.com\/es\/sobre-cxblog\/","name":"Sobre CXBlog | CXBlog","isPartOf":{"@id":"https:\/\/cxblog.com\/es\/#website"},"primaryImageOfPage":{"@id":"https:\/\/cxblog.com\/es\/sobre-cxblog\/#primaryimage"},"image":{"@id":"https:\/\/cxblog.com\/es\/sobre-cxblog\/#primaryimage"},"thumbnailUrl":"https:\/\/cxblog.com\/wp-content\/uploads\/2022\/02\/top-section.png","datePublished":"2022-01-24T16:49:02+00:00","dateModified":"2022-05-27T16:06:14+00:00","breadcrumb":{"@id":"https:\/\/cxblog.com\/es\/sobre-cxblog\/#breadcrumb"},"inLanguage":"es","potentialAction":[{"@type":"ReadAction","target":["https:\/\/cxblog.com\/es\/sobre-cxblog\/"]}]},{"@type":"ImageObject","inLanguage":"es","@id":"https:\/\/cxblog.com\/es\/sobre-cxblog\/#primaryimage","url":"https:\/\/cxblog.com\/wp-content\/uploads\/2022\/02\/top-section.png","contentUrl":"https:\/\/cxblog.com\/wp-content\/uploads\/2022\/02\/top-section.png"},{"@type":"BreadcrumbList","@id":"https:\/\/cxblog.com\/es\/sobre-cxblog\/#breadcrumb","itemListElement":[{"@type":"ListItem","position":1,"name":"Home","item":"https:\/\/cxblog.com\/es\/"},{"@type":"ListItem","position":2,"name":"Sobre CXBlog"}]},{"@type":"WebSite","@id":"https:\/\/cxblog.com\/es\/#website","url":"https:\/\/cxblog.com\/es\/","name":"CXBlog","description":"","publisher":{"@id":"https:\/\/cxblog.com\/es\/#organization"},"potentialAction":[{"@type":"SearchAction","target":{"@type":"EntryPoint","urlTemplate":"https:\/\/cxblog.com\/es\/?s={search_term_string}"},"query-input":{"@type":"PropertyValueSpecification","valueRequired":true,"valueName":"search_term_string"}}],"inLanguage":"es"},{"@type":"Organization","@id":"https:\/\/cxblog.com\/es\/#organization","name":"CX Blog","url":"https:\/\/cxblog.com\/es\/","logo":{"@type":"ImageObject","inLanguage":"es","@id":"https:\/\/cxblog.com\/es\/#\/schema\/logo\/image\/","url":"https:\/\/cxblog.com\/wp-content\/uploads\/2022\/01\/Logo-CXBlog-1.png","contentUrl":"https:\/\/cxblog.com\/wp-content\/uploads\/2022\/01\/Logo-CXBlog-1.png","width":201,"height":66,"caption":"CX Blog"},"image":{"@id":"https:\/\/cxblog.com\/es\/#\/schema\/logo\/image\/"}}]}},"_links":{"self":[{"href":"https:\/\/cxblog.com\/es\/wp-json\/wp\/v2\/pages\/6220","targetHints":{"allow":["GET"]}}],"collection":[{"href":"https:\/\/cxblog.com\/es\/wp-json\/wp\/v2\/pages"}],"about":[{"href":"https:\/\/cxblog.com\/es\/wp-json\/wp\/v2\/types\/page"}],"author":[{"embeddable":true,"href":"https:\/\/cxblog.com\/es\/wp-json\/wp\/v2\/users\/2"}],"replies":[{"embeddable":true,"href":"https:\/\/cxblog.com\/es\/wp-json\/wp\/v2\/comments?post=6220"}],"version-history":[{"count":0,"href":"https:\/\/cxblog.com\/es\/wp-json\/wp\/v2\/pages\/6220\/revisions"}],"wp:attachment":[{"href":"https:\/\/cxblog.com\/es\/wp-json\/wp\/v2\/media?parent=6220"}],"curies":[{"name":"wp","href":"https:\/\/api.w.org\/{rel}","templated":true}]}}