{"id":6238,"date":"2022-02-28T17:57:03","date_gmt":"2022-02-28T17:57:03","guid":{"rendered":"https:\/\/cxblog.com\/politica-de-cookies\/"},"modified":"2022-03-02T15:25:40","modified_gmt":"2022-03-02T15:25:40","slug":"politica-de-cookies","status":"publish","type":"page","link":"https:\/\/cxblog.com\/es\/politica-de-cookies\/","title":{"rendered":"Pol\u00edtica de Cookies"},"content":{"rendered":"\t\t<div data-elementor-type=\"wp-page\" data-elementor-id=\"6238\" class=\"elementor elementor-6238 elementor-6164\" data-elementor-post-type=\"page\">\n\t\t\t\t\t\t<section class=\"elementor-section elementor-top-section elementor-element elementor-element-e3adbac elementor-section-boxed elementor-section-height-default elementor-section-height-default\" data-id=\"e3adbac\" data-element_type=\"section\" data-e-type=\"section\">\n\t\t\t\t\t\t<div class=\"elementor-container elementor-column-gap-default\">\n\t\t\t\t\t<div class=\"elementor-column elementor-col-100 elementor-top-column elementor-element elementor-element-d9d4784\" data-id=\"d9d4784\" data-element_type=\"column\" data-e-type=\"column\">\n\t\t\t<div class=\"elementor-widget-wrap elementor-element-populated\">\n\t\t\t\t\t\t<div class=\"elementor-element elementor-element-15c9365 elementor-widget elementor-widget-heading\" data-id=\"15c9365\" data-element_type=\"widget\" data-e-type=\"widget\" data-widget_type=\"heading.default\">\n\t\t\t\t<div class=\"elementor-widget-container\">\n\t\t\t\t\t<h2 class=\"elementor-heading-title elementor-size-default\">Pol\u00edtica de Cookies<\/h2>\t\t\t\t<\/div>\n\t\t\t\t<\/div>\n\t\t\t\t\t<\/div>\n\t\t<\/div>\n\t\t\t\t\t<\/div>\n\t\t<\/section>\n\t\t\t\t<section class=\"elementor-section elementor-top-section elementor-element elementor-element-40a8e02 elementor-section-boxed elementor-section-height-default elementor-section-height-default\" data-id=\"40a8e02\" data-element_type=\"section\" data-e-type=\"section\">\n\t\t\t\t\t\t<div class=\"elementor-container elementor-column-gap-default\">\n\t\t\t\t\t<div class=\"elementor-column elementor-col-100 elementor-top-column elementor-element elementor-element-19f6c45\" data-id=\"19f6c45\" data-element_type=\"column\" data-e-type=\"column\">\n\t\t\t<div class=\"elementor-widget-wrap elementor-element-populated\">\n\t\t\t\t\t\t<div class=\"elementor-element elementor-element-fd04854 elementor-widget elementor-widget-heading\" data-id=\"fd04854\" data-element_type=\"widget\" data-e-type=\"widget\" data-widget_type=\"heading.default\">\n\t\t\t\t<div class=\"elementor-widget-container\">\n\t\t\t\t\t<h2 class=\"elementor-heading-title elementor-size-default\">\u00bfQu\u00e9 son cookies?<\/h2>\t\t\t\t<\/div>\n\t\t\t\t<\/div>\n\t\t\t\t<div class=\"elementor-element elementor-element-946f248 elementor-widget elementor-widget-text-editor\" data-id=\"946f248\" data-element_type=\"widget\" data-e-type=\"widget\" data-widget_type=\"text-editor.default\">\n\t\t\t\t<div class=\"elementor-widget-container\">\n\t\t\t\t\t\t\t\t\t<p>\u201cCookies\u201d son peque\u00f1as etiquetas de software que se almacenan en su ordenador a trav\u00e9s del navegador (browser), reteniendo solo informaci\u00f3n relacionada con sus preferencias, no incluyendo, como tal, sus datos personales.<\/p>\t\t\t\t\t\t\t\t<\/div>\n\t\t\t\t<\/div>\n\t\t\t\t<div class=\"elementor-element elementor-element-0e36dfe elementor-widget elementor-widget-heading\" data-id=\"0e36dfe\" data-element_type=\"widget\" data-e-type=\"widget\" data-widget_type=\"heading.default\">\n\t\t\t\t<div class=\"elementor-widget-container\">\n\t\t\t\t\t<h2 class=\"elementor-heading-title elementor-size-default\">\u00bfPara qu\u00e9 sirven las Cookies?<\/h2>\t\t\t\t<\/div>\n\t\t\t\t<\/div>\n\t\t\t\t<div class=\"elementor-element elementor-element-a14e09b elementor-widget elementor-widget-text-editor\" data-id=\"a14e09b\" data-element_type=\"widget\" data-e-type=\"widget\" data-widget_type=\"text-editor.default\">\n\t\t\t\t<div class=\"elementor-widget-container\">\n\t\t\t\t\t\t\t\t\t<p>Las cookies sirven para ayudar a determinar la utilidad, inter\u00e9s y el n\u00famero de utilizaciones de sus websites, permitiendo una navegaci\u00f3n m\u00e1s r\u00e1pida y eficiente, eliminando la necesidad de introducir repetidamente las mismas informaciones.<\/p>\t\t\t\t\t\t\t\t<\/div>\n\t\t\t\t<\/div>\n\t\t\t\t<div class=\"elementor-element elementor-element-35d79d3 elementor-widget elementor-widget-heading\" data-id=\"35d79d3\" data-element_type=\"widget\" data-e-type=\"widget\" data-widget_type=\"heading.default\">\n\t\t\t\t<div class=\"elementor-widget-container\">\n\t\t\t\t\t<h2 class=\"elementor-heading-title elementor-size-default\">\u00bfQu\u00e9 tipo de cookies existen?<\/h2>\t\t\t\t<\/div>\n\t\t\t\t<\/div>\n\t\t\t\t<div class=\"elementor-element elementor-element-ab19ef4 elementor-widget elementor-widget-text-editor\" data-id=\"ab19ef4\" data-element_type=\"widget\" data-e-type=\"widget\" data-widget_type=\"text-editor.default\">\n\t\t\t\t<div class=\"elementor-widget-container\">\n\t\t\t\t\t\t\t\t\t<p>Existen dos grupos de cookies que pueden utilizarse<\/p><ul><li>Cookies permanentes \u2013 son cookies que quedan almacenados a nivel del browser en sus equipos de acceso (PC, m\u00f3vil y tablet) y que se utilizan siempre que hace una nueva visita a uno de nuestros websites. Se utilizan, generalmente, para direccionar la navegaci\u00f3n a los intereses del usuario, permiti\u00e9ndonos prestar un servicio m\u00e1s personalizado.<\/li><li>Cookies de sesi\u00f3n \u2013 son cookies temporales que permanecen en el archivo de cookies de su browser hasta salir del website. La informaci\u00f3n obtenida por estas cookies sirve para analizar patrones de tr\u00e1fico en la web, permiti\u00e9ndonos identificar problemas y ofrecer una mejor experiencia de navegaci\u00f3n.<\/li><\/ul>\t\t\t\t\t\t\t\t<\/div>\n\t\t\t\t<\/div>\n\t\t\t\t<div class=\"elementor-element elementor-element-f782c40 elementor-widget elementor-widget-heading\" data-id=\"f782c40\" data-element_type=\"widget\" data-e-type=\"widget\" data-widget_type=\"heading.default\">\n\t\t\t\t<div class=\"elementor-widget-container\">\n\t\t\t\t\t<h2 class=\"elementor-heading-title elementor-size-default\">\u00bfPara qu\u00e9 fines utilizamos cookies?<\/h2>\t\t\t\t<\/div>\n\t\t\t\t<\/div>\n\t\t\t\t<div class=\"elementor-element elementor-element-1e9c9fb elementor-widget elementor-widget-text-editor\" data-id=\"1e9c9fb\" data-element_type=\"widget\" data-e-type=\"widget\" data-widget_type=\"text-editor.default\">\n\t\t\t\t<div class=\"elementor-widget-container\">\n\t\t\t\t\t\t\t\t\t<ul><li><strong>Cookies estrictamente necesarias<\/strong> permiten que navegue en el website y utilice sus aplicaciones, as\u00ed como acceder a\u200b \u00e1reas seguras del website. Sin estas cookies, los servicios que haya solicitado no pueden ser prestados.<\/li><li><strong>Cookies Anal\u00edticas<\/strong> se utilizan an\u00f3nimamente para efectos de creaci\u00f3n y an\u00e1lisis de estad\u00edsticas, en sentido de mejorar el funcionamiento del website.<\/li><li><strong>Cookies de Funcionalidad<\/strong> guardan las preferencias del usuario respecto a la utilizaci\u00f3n del site, para que no sea necesario volver a configurar el site cada vez que lo visita.<\/li><li><strong>Cookies de Terceros<\/strong> miden el \u00e9xito de aplicaciones y la eficacia de la publicidad de terceros. Pueden tambi\u00e9n utilizarse en el sentido de personalizar un widget con datos del usuario.<\/li><li><strong>Cookies de Publicidad <\/strong>direccionan la publicidad en funci\u00f3n de los intereses de cada usuario, de modo a direccionar las campa\u00f1as publicitarias teniendo en cuenta los gustos de los usuarios, haciendo que, adem\u00e1s de eso, limiten la cantidad de veces que ve el anuncio, ayudando a medir la eficacia de la publicidad y el \u00e9xito de la organizaci\u00f3n del website.<\/li><\/ul>\t\t\t\t\t\t\t\t<\/div>\n\t\t\t\t<\/div>\n\t\t\t\t<div class=\"elementor-element elementor-element-e4a1c6c elementor-widget elementor-widget-heading\" data-id=\"e4a1c6c\" data-element_type=\"widget\" data-e-type=\"widget\" data-widget_type=\"heading.default\">\n\t\t\t\t<div class=\"elementor-widget-container\">\n\t\t\t\t\t<h2 class=\"elementor-heading-title elementor-size-default\">\u00bfComo puede gestionar las cookies?<\/h2>\t\t\t\t<\/div>\n\t\t\t\t<\/div>\n\t\t\t\t<div class=\"elementor-element elementor-element-293fb36 elementor-widget elementor-widget-text-editor\" data-id=\"293fb36\" data-element_type=\"widget\" data-e-type=\"widget\" data-widget_type=\"text-editor.default\">\n\t\t\t\t<div class=\"elementor-widget-container\">\n\t\t\t\t\t\t\t\t\t<p>Todos los browsers permiten al usuario aceptar, recusar o borrar cookies, sobre todo a trav\u00e9s de la selecci\u00f3n de las definiciones apropiadas en el respectivo navegador. Puede configurar las cookies en el men\u00fa \u201copciones\u201d o \u201cpreferencias\u201d de su browser.<\/p><p>Observemos, no obstante, que, al desactivar cookies, puede impedir que algunos servicios de la web funcionen correctamente, afectando, parcial o totalmente, la navegaci\u00f3n en website.<\/p>\t\t\t\t\t\t\t\t<\/div>\n\t\t\t\t<\/div>\n\t\t\t\t<div class=\"elementor-element elementor-element-4d51e4d elementor-widget elementor-widget-heading\" data-id=\"4d51e4d\" data-element_type=\"widget\" data-e-type=\"widget\" data-widget_type=\"heading.default\">\n\t\t\t\t<div class=\"elementor-widget-container\">\n\t\t\t\t\t<h2 class=\"elementor-heading-title elementor-size-default\">M\u00e1s informaci\u00f3n sobre las cookies<\/h2>\t\t\t\t<\/div>\n\t\t\t\t<\/div>\n\t\t\t\t<div class=\"elementor-element elementor-element-db406f8 elementor-widget elementor-widget-text-editor\" data-id=\"db406f8\" data-element_type=\"widget\" data-e-type=\"widget\" data-widget_type=\"text-editor.default\">\n\t\t\t\t<div class=\"elementor-widget-container\">\n\t\t\t\t\t\t\t\t\t<p>Puede obtener m\u00e1s informaciones sobre cookies a trav\u00e9s de <span style=\"text-decoration: underline;\"><em><a href=\"http:\/\/www.allaboutcookies.org\/\">esta p\u00e1gina.<\/a><\/em><\/span><\/p>\t\t\t\t\t\t\t\t<\/div>\n\t\t\t\t<\/div>\n\t\t\t\t\t<\/div>\n\t\t<\/div>\n\t\t\t\t\t<\/div>\n\t\t<\/section>\n\t\t\t\t<\/div>\n\t\t","protected":false},"excerpt":{"rendered":"<p>Pol\u00edtica de Cookies \u00bfQu\u00e9 son cookies? \u201cCookies\u201d son peque\u00f1as etiquetas de software que se almacenan en su ordenador a trav\u00e9s del navegador (browser), reteniendo solo informaci\u00f3n relacionada con sus preferencias, no incluyendo, como tal, sus datos personales. \u00bfPara qu\u00e9 sirven las Cookies? Las cookies sirven para ayudar a determinar la utilidad, inter\u00e9s y el n\u00famero [&hellip;]<\/p>\n","protected":false},"author":2,"featured_media":0,"parent":0,"menu_order":0,"comment_status":"closed","ping_status":"closed","template":"","meta":{"_acf_changed":false,"ocean_post_layout":"","ocean_both_sidebars_style":"","ocean_both_sidebars_content_width":0,"ocean_both_sidebars_sidebars_width":0,"ocean_sidebar":"0","ocean_second_sidebar":"0","ocean_disable_margins":"enable","ocean_add_body_class":"","ocean_shortcode_before_top_bar":"","ocean_shortcode_after_top_bar":"","ocean_shortcode_before_header":"","ocean_shortcode_after_header":"","ocean_has_shortcode":"","ocean_shortcode_after_title":"","ocean_shortcode_before_footer_widgets":"","ocean_shortcode_after_footer_widgets":"","ocean_shortcode_before_footer_bottom":"","ocean_shortcode_after_footer_bottom":"","ocean_display_top_bar":"default","ocean_display_header":"default","ocean_header_style":"","ocean_center_header_left_menu":"0","ocean_custom_header_template":"0","ocean_custom_logo":0,"ocean_custom_retina_logo":0,"ocean_custom_logo_max_width":0,"ocean_custom_logo_tablet_max_width":0,"ocean_custom_logo_mobile_max_width":0,"ocean_custom_logo_max_height":0,"ocean_custom_logo_tablet_max_height":0,"ocean_custom_logo_mobile_max_height":0,"ocean_header_custom_menu":"0","ocean_menu_typo_font_family":"0","ocean_menu_typo_font_subset":"","ocean_menu_typo_font_size":0,"ocean_menu_typo_font_size_tablet":0,"ocean_menu_typo_font_size_mobile":0,"ocean_menu_typo_font_size_unit":"px","ocean_menu_typo_font_weight":"","ocean_menu_typo_font_weight_tablet":"","ocean_menu_typo_font_weight_mobile":"","ocean_menu_typo_transform":"","ocean_menu_typo_transform_tablet":"","ocean_menu_typo_transform_mobile":"","ocean_menu_typo_line_height":0,"ocean_menu_typo_line_height_tablet":0,"ocean_menu_typo_line_height_mobile":0,"ocean_menu_typo_line_height_unit":"","ocean_menu_typo_spacing":0,"ocean_menu_typo_spacing_tablet":0,"ocean_menu_typo_spacing_mobile":0,"ocean_menu_typo_spacing_unit":"","ocean_menu_link_color":"","ocean_menu_link_color_hover":"","ocean_menu_link_color_active":"","ocean_menu_link_background":"","ocean_menu_link_hover_background":"","ocean_menu_link_active_background":"","ocean_menu_social_links_bg":"","ocean_menu_social_hover_links_bg":"","ocean_menu_social_links_color":"","ocean_menu_social_hover_links_color":"","ocean_disable_title":"default","ocean_disable_heading":"default","ocean_post_title":"","ocean_post_subheading":"","ocean_post_title_style":"","ocean_post_title_background_color":"","ocean_post_title_background":0,"ocean_post_title_bg_image_position":"","ocean_post_title_bg_image_attachment":"","ocean_post_title_bg_image_repeat":"","ocean_post_title_bg_image_size":"","ocean_post_title_height":0,"ocean_post_title_bg_overlay":0.5,"ocean_post_title_bg_overlay_color":"","ocean_disable_breadcrumbs":"default","ocean_breadcrumbs_color":"","ocean_breadcrumbs_separator_color":"","ocean_breadcrumbs_links_color":"","ocean_breadcrumbs_links_hover_color":"","ocean_display_footer_widgets":"default","ocean_display_footer_bottom":"default","ocean_custom_footer_template":"0","footnotes":""},"class_list":["post-6238","page","type-page","status-publish","hentry","entry"],"acf":[],"yoast_head":"<!-- This site is optimized with the Yoast SEO Premium plugin v19.4 (Yoast SEO v26.7) - https:\/\/yoast.com\/wordpress\/plugins\/seo\/ -->\n<title>Pol\u00edtica de Cookies | CXBlog<\/title>\n<meta name=\"robots\" content=\"index, follow, max-snippet:-1, max-image-preview:large, max-video-preview:-1\" \/>\n<link rel=\"canonical\" href=\"https:\/\/cxblog.com\/es\/politica-de-cookies\/\" \/>\n<meta property=\"og:locale\" content=\"es_ES\" \/>\n<meta property=\"og:type\" content=\"article\" \/>\n<meta property=\"og:title\" content=\"Pol\u00edtica de Cookies\" \/>\n<meta property=\"og:description\" content=\"Pol\u00edtica de Cookies \u00bfQu\u00e9 son cookies? \u201cCookies\u201d son peque\u00f1as etiquetas de software que se almacenan en su ordenador a trav\u00e9s del navegador (browser), reteniendo solo informaci\u00f3n relacionada con sus preferencias, no incluyendo, como tal, sus datos personales. \u00bfPara qu\u00e9 sirven las Cookies? Las cookies sirven para ayudar a determinar la utilidad, inter\u00e9s y el n\u00famero [&hellip;]\" \/>\n<meta property=\"og:url\" content=\"https:\/\/cxblog.com\/es\/politica-de-cookies\/\" \/>\n<meta property=\"og:site_name\" content=\"CXBlog\" \/>\n<meta property=\"article:modified_time\" content=\"2022-03-02T15:25:40+00:00\" \/>\n<meta name=\"twitter:card\" content=\"summary_large_image\" \/>\n<meta name=\"twitter:label1\" content=\"Tiempo de lectura\" \/>\n\t<meta name=\"twitter:data1\" content=\"2 minutos\" \/>\n<script type=\"application\/ld+json\" class=\"yoast-schema-graph\">{\"@context\":\"https:\/\/schema.org\",\"@graph\":[{\"@type\":\"WebPage\",\"@id\":\"https:\/\/cxblog.com\/es\/politica-de-cookies\/\",\"url\":\"https:\/\/cxblog.com\/es\/politica-de-cookies\/\",\"name\":\"Pol\u00edtica de Cookies | CXBlog\",\"isPartOf\":{\"@id\":\"https:\/\/cxblog.com\/es\/#website\"},\"datePublished\":\"2022-02-28T17:57:03+00:00\",\"dateModified\":\"2022-03-02T15:25:40+00:00\",\"breadcrumb\":{\"@id\":\"https:\/\/cxblog.com\/es\/politica-de-cookies\/#breadcrumb\"},\"inLanguage\":\"es\",\"potentialAction\":[{\"@type\":\"ReadAction\",\"target\":[\"https:\/\/cxblog.com\/es\/politica-de-cookies\/\"]}]},{\"@type\":\"BreadcrumbList\",\"@id\":\"https:\/\/cxblog.com\/es\/politica-de-cookies\/#breadcrumb\",\"itemListElement\":[{\"@type\":\"ListItem\",\"position\":1,\"name\":\"Home\",\"item\":\"https:\/\/cxblog.com\/es\/\"},{\"@type\":\"ListItem\",\"position\":2,\"name\":\"Pol\u00edtica de Cookies\"}]},{\"@type\":\"WebSite\",\"@id\":\"https:\/\/cxblog.com\/es\/#website\",\"url\":\"https:\/\/cxblog.com\/es\/\",\"name\":\"CXBlog\",\"description\":\"\",\"publisher\":{\"@id\":\"https:\/\/cxblog.com\/es\/#organization\"},\"potentialAction\":[{\"@type\":\"SearchAction\",\"target\":{\"@type\":\"EntryPoint\",\"urlTemplate\":\"https:\/\/cxblog.com\/es\/?s={search_term_string}\"},\"query-input\":{\"@type\":\"PropertyValueSpecification\",\"valueRequired\":true,\"valueName\":\"search_term_string\"}}],\"inLanguage\":\"es\"},{\"@type\":\"Organization\",\"@id\":\"https:\/\/cxblog.com\/es\/#organization\",\"name\":\"CX Blog\",\"url\":\"https:\/\/cxblog.com\/es\/\",\"logo\":{\"@type\":\"ImageObject\",\"inLanguage\":\"es\",\"@id\":\"https:\/\/cxblog.com\/es\/#\/schema\/logo\/image\/\",\"url\":\"https:\/\/cxblog.com\/wp-content\/uploads\/2022\/01\/Logo-CXBlog-1.png\",\"contentUrl\":\"https:\/\/cxblog.com\/wp-content\/uploads\/2022\/01\/Logo-CXBlog-1.png\",\"width\":201,\"height\":66,\"caption\":\"CX Blog\"},\"image\":{\"@id\":\"https:\/\/cxblog.com\/es\/#\/schema\/logo\/image\/\"}}]}<\/script>\n<!-- \/ Yoast SEO Premium plugin. -->","yoast_head_json":{"title":"Pol\u00edtica de Cookies | CXBlog","robots":{"index":"index","follow":"follow","max-snippet":"max-snippet:-1","max-image-preview":"max-image-preview:large","max-video-preview":"max-video-preview:-1"},"canonical":"https:\/\/cxblog.com\/es\/politica-de-cookies\/","og_locale":"es_ES","og_type":"article","og_title":"Pol\u00edtica de Cookies","og_description":"Pol\u00edtica de Cookies \u00bfQu\u00e9 son cookies? \u201cCookies\u201d son peque\u00f1as etiquetas de software que se almacenan en su ordenador a trav\u00e9s del navegador (browser), reteniendo solo informaci\u00f3n relacionada con sus preferencias, no incluyendo, como tal, sus datos personales. \u00bfPara qu\u00e9 sirven las Cookies? Las cookies sirven para ayudar a determinar la utilidad, inter\u00e9s y el n\u00famero [&hellip;]","og_url":"https:\/\/cxblog.com\/es\/politica-de-cookies\/","og_site_name":"CXBlog","article_modified_time":"2022-03-02T15:25:40+00:00","twitter_card":"summary_large_image","twitter_misc":{"Tiempo de lectura":"2 minutos"},"schema":{"@context":"https:\/\/schema.org","@graph":[{"@type":"WebPage","@id":"https:\/\/cxblog.com\/es\/politica-de-cookies\/","url":"https:\/\/cxblog.com\/es\/politica-de-cookies\/","name":"Pol\u00edtica de Cookies | CXBlog","isPartOf":{"@id":"https:\/\/cxblog.com\/es\/#website"},"datePublished":"2022-02-28T17:57:03+00:00","dateModified":"2022-03-02T15:25:40+00:00","breadcrumb":{"@id":"https:\/\/cxblog.com\/es\/politica-de-cookies\/#breadcrumb"},"inLanguage":"es","potentialAction":[{"@type":"ReadAction","target":["https:\/\/cxblog.com\/es\/politica-de-cookies\/"]}]},{"@type":"BreadcrumbList","@id":"https:\/\/cxblog.com\/es\/politica-de-cookies\/#breadcrumb","itemListElement":[{"@type":"ListItem","position":1,"name":"Home","item":"https:\/\/cxblog.com\/es\/"},{"@type":"ListItem","position":2,"name":"Pol\u00edtica de Cookies"}]},{"@type":"WebSite","@id":"https:\/\/cxblog.com\/es\/#website","url":"https:\/\/cxblog.com\/es\/","name":"CXBlog","description":"","publisher":{"@id":"https:\/\/cxblog.com\/es\/#organization"},"potentialAction":[{"@type":"SearchAction","target":{"@type":"EntryPoint","urlTemplate":"https:\/\/cxblog.com\/es\/?s={search_term_string}"},"query-input":{"@type":"PropertyValueSpecification","valueRequired":true,"valueName":"search_term_string"}}],"inLanguage":"es"},{"@type":"Organization","@id":"https:\/\/cxblog.com\/es\/#organization","name":"CX Blog","url":"https:\/\/cxblog.com\/es\/","logo":{"@type":"ImageObject","inLanguage":"es","@id":"https:\/\/cxblog.com\/es\/#\/schema\/logo\/image\/","url":"https:\/\/cxblog.com\/wp-content\/uploads\/2022\/01\/Logo-CXBlog-1.png","contentUrl":"https:\/\/cxblog.com\/wp-content\/uploads\/2022\/01\/Logo-CXBlog-1.png","width":201,"height":66,"caption":"CX Blog"},"image":{"@id":"https:\/\/cxblog.com\/es\/#\/schema\/logo\/image\/"}}]}},"_links":{"self":[{"href":"https:\/\/cxblog.com\/es\/wp-json\/wp\/v2\/pages\/6238","targetHints":{"allow":["GET"]}}],"collection":[{"href":"https:\/\/cxblog.com\/es\/wp-json\/wp\/v2\/pages"}],"about":[{"href":"https:\/\/cxblog.com\/es\/wp-json\/wp\/v2\/types\/page"}],"author":[{"embeddable":true,"href":"https:\/\/cxblog.com\/es\/wp-json\/wp\/v2\/users\/2"}],"replies":[{"embeddable":true,"href":"https:\/\/cxblog.com\/es\/wp-json\/wp\/v2\/comments?post=6238"}],"version-history":[{"count":0,"href":"https:\/\/cxblog.com\/es\/wp-json\/wp\/v2\/pages\/6238\/revisions"}],"wp:attachment":[{"href":"https:\/\/cxblog.com\/es\/wp-json\/wp\/v2\/media?parent=6238"}],"curies":[{"name":"wp","href":"https:\/\/api.w.org\/{rel}","templated":true}]}}