{"id":6248,"date":"2021-08-23T09:14:58","date_gmt":"2021-08-23T09:14:58","guid":{"rendered":"https:\/\/cxblog.com\/politica-de-privacidad\/"},"modified":"2022-03-02T16:13:26","modified_gmt":"2022-03-02T16:13:26","slug":"politica-de-privacidad","status":"publish","type":"page","link":"https:\/\/cxblog.com\/es\/politica-de-privacidad\/","title":{"rendered":"Pol\u00edtica de Privacidad"},"content":{"rendered":"\t\t<div data-elementor-type=\"wp-page\" data-elementor-id=\"6248\" class=\"elementor elementor-6248 elementor-3\" data-elementor-post-type=\"page\">\n\t\t\t\t\t\t<section class=\"elementor-section elementor-top-section elementor-element elementor-element-8e14838 elementor-section-boxed elementor-section-height-default elementor-section-height-default\" data-id=\"8e14838\" data-element_type=\"section\" data-e-type=\"section\">\n\t\t\t\t\t\t<div class=\"elementor-container elementor-column-gap-default\">\n\t\t\t\t\t<div class=\"elementor-column elementor-col-100 elementor-top-column elementor-element elementor-element-2c21db22\" data-id=\"2c21db22\" data-element_type=\"column\" data-e-type=\"column\">\n\t\t\t<div class=\"elementor-widget-wrap\">\n\t\t\t\t\t\t\t<\/div>\n\t\t<\/div>\n\t\t\t\t\t<\/div>\n\t\t<\/section>\n\t\t\t\t<section class=\"elementor-section elementor-top-section elementor-element elementor-element-903835b elementor-section-boxed elementor-section-height-default elementor-section-height-default\" data-id=\"903835b\" data-element_type=\"section\" data-e-type=\"section\">\n\t\t\t\t\t\t<div class=\"elementor-container elementor-column-gap-default\">\n\t\t\t\t\t<div class=\"elementor-column elementor-col-100 elementor-top-column elementor-element elementor-element-1fcf000\" data-id=\"1fcf000\" data-element_type=\"column\" data-e-type=\"column\">\n\t\t\t<div class=\"elementor-widget-wrap elementor-element-populated\">\n\t\t\t\t\t\t<div class=\"elementor-element elementor-element-0f354b0 elementor-widget elementor-widget-heading\" data-id=\"0f354b0\" data-element_type=\"widget\" data-e-type=\"widget\" data-widget_type=\"heading.default\">\n\t\t\t\t<div class=\"elementor-widget-container\">\n\t\t\t\t\t<h1 class=\"elementor-heading-title elementor-size-default\">Pol\u00edtica de Privacidad<\/h1>\t\t\t\t<\/div>\n\t\t\t\t<\/div>\n\t\t\t\t<div class=\"elementor-element elementor-element-94ed0e0 elementor-widget elementor-widget-text-editor\" data-id=\"94ed0e0\" data-element_type=\"widget\" data-e-type=\"widget\" data-widget_type=\"text-editor.default\">\n\t\t\t\t<div class=\"elementor-widget-container\">\n\t\t\t\t\t\t\t\t\t<p>CX Blog es una marca de GoTelecom, Lda (GoContact).<\/p>\n<p>GoTelecom, Lda (GoContact) necesita recoger y tratar datos de personas especiales para su actividad. Esto incluye informaci\u00f3n de clientes, proveedores, contactos comerciales, colaboradores y otras personas y miembros de organizaciones que contact\u00f3 o que necesite contactar.<\/p>\n<p>Esta pol\u00edtica describe la forma como los datos personales deben ser recogidos, manipulados y almacenados de acuerdo con los requisitos de protecci\u00f3n de datos de GoTelecom y con la ley, independiente de su soporte (electr\u00f3nico, en papel o en cualquier otro medio).<\/p>\t\t\t\t\t\t\t\t<\/div>\n\t\t\t\t<\/div>\n\t\t\t\t\t<\/div>\n\t\t<\/div>\n\t\t\t\t\t<\/div>\n\t\t<\/section>\n\t\t\t\t<section class=\"elementor-section elementor-top-section elementor-element elementor-element-194d262 elementor-section-boxed elementor-section-height-default elementor-section-height-default\" data-id=\"194d262\" data-element_type=\"section\" data-e-type=\"section\">\n\t\t\t\t\t\t<div class=\"elementor-container elementor-column-gap-default\">\n\t\t\t\t\t<div class=\"elementor-column elementor-col-100 elementor-top-column elementor-element elementor-element-72802f2\" data-id=\"72802f2\" data-element_type=\"column\" data-e-type=\"column\">\n\t\t\t<div class=\"elementor-widget-wrap elementor-element-populated\">\n\t\t\t\t\t\t<div class=\"elementor-element elementor-element-80b38da elementor-widget elementor-widget-heading\" data-id=\"80b38da\" data-element_type=\"widget\" data-e-type=\"widget\" data-widget_type=\"heading.default\">\n\t\t\t\t<div class=\"elementor-widget-container\">\n\t\t\t\t\t<h2 class=\"elementor-heading-title elementor-size-default\">Esta pol\u00edtica se aplica:<\/h2>\t\t\t\t<\/div>\n\t\t\t\t<\/div>\n\t\t\t\t<div class=\"elementor-element elementor-element-585b5a6 elementor-widget elementor-widget-text-editor\" data-id=\"585b5a6\" data-element_type=\"widget\" data-e-type=\"widget\" data-widget_type=\"text-editor.default\">\n\t\t\t\t<div class=\"elementor-widget-container\">\n\t\t\t\t\t\t\t\t\t<ul><li>Para la sede de GOTELECOM, LDA<\/li>\n<li>Todas las filiales y sucursales de GOTELECOM, LDA<\/li>\n<li>Todos los colaboradores de GOTELECOM, LDA independientemente del tipo de contrato<\/li>\n<li>Todos los subcontratados, proveedores y otras personas u organizaciones que act\u00faen en nombre de GOTELECOM, LDA<\/li>\n<\/ul>\t\t\t\t\t\t\t\t<\/div>\n\t\t\t\t<\/div>\n\t\t\t\t\t<\/div>\n\t\t<\/div>\n\t\t\t\t\t<\/div>\n\t\t<\/section>\n\t\t\t\t<section class=\"elementor-section elementor-top-section elementor-element elementor-element-70df254 elementor-section-boxed elementor-section-height-default elementor-section-height-default\" data-id=\"70df254\" data-element_type=\"section\" data-e-type=\"section\">\n\t\t\t\t\t\t<div class=\"elementor-container elementor-column-gap-default\">\n\t\t\t\t\t<div class=\"elementor-column elementor-col-100 elementor-top-column elementor-element elementor-element-e4f9578\" data-id=\"e4f9578\" data-element_type=\"column\" data-e-type=\"column\">\n\t\t\t<div class=\"elementor-widget-wrap elementor-element-populated\">\n\t\t\t\t\t\t<div class=\"elementor-element elementor-element-2257c4b elementor-widget elementor-widget-heading\" data-id=\"2257c4b\" data-element_type=\"widget\" data-e-type=\"widget\" data-widget_type=\"heading.default\">\n\t\t\t\t<div class=\"elementor-widget-container\">\n\t\t\t\t\t<h2 class=\"elementor-heading-title elementor-size-default\">Esta pol\u00edtica asegura que GOTELECOM, LDA:<\/h2>\t\t\t\t<\/div>\n\t\t\t\t<\/div>\n\t\t\t\t<div class=\"elementor-element elementor-element-be40b05 elementor-widget elementor-widget-text-editor\" data-id=\"be40b05\" data-element_type=\"widget\" data-e-type=\"widget\" data-widget_type=\"text-editor.default\">\n\t\t\t\t<div class=\"elementor-widget-container\">\n\t\t\t\t\t\t\t\t\t<ul><li>Cumple la legislaci\u00f3n relativa a la protecci\u00f3n de datos personales, especialmente el Reglamento UE 2016\/679, de 27\/04<\/li>\n<li>Protege los derechos de colaboradores, clientes y otros socios<\/li>\n<li>Es transparente sobre la manera como trata datos personales<\/li>\n<li>Se protege del riesgo de violaciones de datos personales<\/li>\n<\/ul>\t\t\t\t\t\t\t\t<\/div>\n\t\t\t\t<\/div>\n\t\t\t\t\t<\/div>\n\t\t<\/div>\n\t\t\t\t\t<\/div>\n\t\t<\/section>\n\t\t\t\t<section class=\"elementor-section elementor-top-section elementor-element elementor-element-3ec759f elementor-section-boxed elementor-section-height-default elementor-section-height-default\" data-id=\"3ec759f\" data-element_type=\"section\" data-e-type=\"section\">\n\t\t\t\t\t\t<div class=\"elementor-container elementor-column-gap-default\">\n\t\t\t\t\t<div class=\"elementor-column elementor-col-100 elementor-top-column elementor-element elementor-element-f71a6f6\" data-id=\"f71a6f6\" data-element_type=\"column\" data-e-type=\"column\">\n\t\t\t<div class=\"elementor-widget-wrap elementor-element-populated\">\n\t\t\t\t\t\t<div class=\"elementor-element elementor-element-2b57588 elementor-widget elementor-widget-heading\" data-id=\"2b57588\" data-element_type=\"widget\" data-e-type=\"widget\" data-widget_type=\"heading.default\">\n\t\t\t\t<div class=\"elementor-widget-container\">\n\t\t\t\t\t<h2 class=\"elementor-heading-title elementor-size-default\">Los principios aplicables a la protecci\u00f3n de datos personales son:<\/h2>\t\t\t\t<\/div>\n\t\t\t\t<\/div>\n\t\t\t\t<div class=\"elementor-element elementor-element-97e710b elementor-widget elementor-widget-text-editor\" data-id=\"97e710b\" data-element_type=\"widget\" data-e-type=\"widget\" data-widget_type=\"text-editor.default\">\n\t\t\t\t<div class=\"elementor-widget-container\">\n\t\t\t\t\t\t\t\t\t<ol>\n<li>Licitud, lealtad y transparencia: es necesario identificar el fundamento legal de cada tratamiento de datos e informar previamente a los titulares en lenguaje claro y accesible sobre las finalidades y el modo como lo hacemos.<\/li>\n<li>Limitaci\u00f3n de finalidades: las finalidades espec\u00edficas del tratamiento de los datos personales deber\u00e1n ser expl\u00edcitas, leg\u00edtimas y determinadas en el momento de la recogida de los datos personales. Los datos recogidos con una finalidad no deben ser utilizados para otra que no derive de la primera.<\/li>\n<li>Adecuaci\u00f3n, pertinencia y minimizaci\u00f3n: solo ser\u00e1n tratados los datos personales necesarios y adecuados para los efectos que se pretende alcanzar.<\/li>\n<li>Exactitud y actualizaci\u00f3n: deben ser tomadas las medidas necesarias para asegurar que los datos inexactos son corregidos o borrados.<\/li>\n<li>Limitaci\u00f3n de conservaci\u00f3n: los datos personales solo se guardar\u00e1n durante el tiempo necesario para la finalidad que se destinan. Para cada conjunto se definir\u00e1 un plazo para borrarlo o destruirlo.<\/li>\n<li>Seguridad y confidencialidad: los datos personales se almacenar\u00e1n para garantizar su protecci\u00f3n y su acceso ser\u00e1 condicionado de forma que garantice que solo el personal autorizado puede tratarlos.<\/li>\n<li>Privacidad desde la concepci\u00f3n y por defecto: antes de procederse a cualquier tratamiento de datos, se tomar\u00e1n medidas para garantizar que la privacidad es una preocupaci\u00f3n desde el inicio y a lo largo de todo el proceso de tratamiento.<\/li>\n<\/ol>\t\t\t\t\t\t\t\t<\/div>\n\t\t\t\t<\/div>\n\t\t\t\t\t<\/div>\n\t\t<\/div>\n\t\t\t\t\t<\/div>\n\t\t<\/section>\n\t\t\t\t<section class=\"elementor-section elementor-top-section elementor-element elementor-element-d71abc8 elementor-section-boxed elementor-section-height-default elementor-section-height-default\" data-id=\"d71abc8\" data-element_type=\"section\" data-e-type=\"section\">\n\t\t\t\t\t\t<div class=\"elementor-container elementor-column-gap-default\">\n\t\t\t\t\t<div class=\"elementor-column elementor-col-100 elementor-top-column elementor-element elementor-element-eeca266\" data-id=\"eeca266\" data-element_type=\"column\" data-e-type=\"column\">\n\t\t\t<div class=\"elementor-widget-wrap elementor-element-populated\">\n\t\t\t\t\t\t<div class=\"elementor-element elementor-element-9cb9394 elementor-widget elementor-widget-text-editor\" data-id=\"9cb9394\" data-element_type=\"widget\" data-e-type=\"widget\" data-widget_type=\"text-editor.default\">\n\t\t\t\t<div class=\"elementor-widget-container\">\n\t\t\t\t\t\t\t\t\t<p>Los titulares de los datos tienen derecho de acceso, rectificaci\u00f3n, limitaci\u00f3n de finalidades, portabilidad, borrado y oposici\u00f3n a decisiones automatizadas.<\/p>\n<p>El colaborador que reciba el contacto de un titular que desea ejercer cualquiera de esos derechos, debe verificar la identidad antes de ofrecer cualquier informaci\u00f3n, de acuerdo con el procedimiento de ejercicio de derechos. Despu\u00e9s de eso, debe encaminar el pedido para el DPO, para su procesamiento.<\/p>\n<p>GOTELECOM, LDA podr\u00e1 compartir los datos con las autoridades p\u00fablicas sin conocimiento de los titulares en el cumplimiento de obligaci\u00f3n legal o judicial.<\/p>\n<p>Aveiro, 9 de octubre de 2019<\/p>\t\t\t\t\t\t\t\t<\/div>\n\t\t\t\t<\/div>\n\t\t\t\t\t<\/div>\n\t\t<\/div>\n\t\t\t\t\t<\/div>\n\t\t<\/section>\n\t\t\t\t<section class=\"elementor-section elementor-top-section elementor-element elementor-element-85c4596 elementor-section-boxed elementor-section-height-default elementor-section-height-default\" data-id=\"85c4596\" data-element_type=\"section\" data-e-type=\"section\">\n\t\t\t\t\t\t<div class=\"elementor-container elementor-column-gap-default\">\n\t\t\t\t\t<div class=\"elementor-column elementor-col-100 elementor-top-column elementor-element elementor-element-7992dee\" data-id=\"7992dee\" data-element_type=\"column\" data-e-type=\"column\">\n\t\t\t<div class=\"elementor-widget-wrap elementor-element-populated\">\n\t\t\t\t\t\t<div class=\"elementor-element elementor-element-44087d7 elementor-widget elementor-widget-heading\" data-id=\"44087d7\" data-element_type=\"widget\" data-e-type=\"widget\" data-widget_type=\"heading.default\">\n\t\t\t\t<div class=\"elementor-widget-container\">\n\t\t\t\t\t<h2 class=\"elementor-heading-title elementor-size-default\">Para cualquier cuesti\u00f3n relacionada con la Protecci\u00f3n de datos Personales<\/h2>\t\t\t\t<\/div>\n\t\t\t\t<\/div>\n\t\t\t\t\t<\/div>\n\t\t<\/div>\n\t\t\t\t\t<\/div>\n\t\t<\/section>\n\t\t\t\t<\/div>\n\t\t","protected":false},"excerpt":{"rendered":"<p>Pol\u00edtica de Privacidad CX Blog es una marca de GoTelecom, Lda (GoContact). GoTelecom, Lda (GoContact) necesita recoger y tratar datos de personas especiales para su actividad. Esto incluye informaci\u00f3n de clientes, proveedores, contactos comerciales, colaboradores y otras personas y miembros de organizaciones que contact\u00f3 o que necesite contactar. Esta pol\u00edtica describe la forma como los [&hellip;]<\/p>\n","protected":false},"author":1,"featured_media":0,"parent":0,"menu_order":0,"comment_status":"closed","ping_status":"open","template":"","meta":{"_acf_changed":false,"ocean_post_layout":"","ocean_both_sidebars_style":"","ocean_both_sidebars_content_width":0,"ocean_both_sidebars_sidebars_width":0,"ocean_sidebar":"","ocean_second_sidebar":"","ocean_disable_margins":"enable","ocean_add_body_class":"","ocean_shortcode_before_top_bar":"","ocean_shortcode_after_top_bar":"","ocean_shortcode_before_header":"","ocean_shortcode_after_header":"","ocean_has_shortcode":"","ocean_shortcode_after_title":"","ocean_shortcode_before_footer_widgets":"","ocean_shortcode_after_footer_widgets":"","ocean_shortcode_before_footer_bottom":"","ocean_shortcode_after_footer_bottom":"","ocean_display_top_bar":"default","ocean_display_header":"default","ocean_header_style":"","ocean_center_header_left_menu":"","ocean_custom_header_template":"","ocean_custom_logo":0,"ocean_custom_retina_logo":0,"ocean_custom_logo_max_width":0,"ocean_custom_logo_tablet_max_width":0,"ocean_custom_logo_mobile_max_width":0,"ocean_custom_logo_max_height":0,"ocean_custom_logo_tablet_max_height":0,"ocean_custom_logo_mobile_max_height":0,"ocean_header_custom_menu":"","ocean_menu_typo_font_family":"","ocean_menu_typo_font_subset":"","ocean_menu_typo_font_size":0,"ocean_menu_typo_font_size_tablet":0,"ocean_menu_typo_font_size_mobile":0,"ocean_menu_typo_font_size_unit":"px","ocean_menu_typo_font_weight":"","ocean_menu_typo_font_weight_tablet":"","ocean_menu_typo_font_weight_mobile":"","ocean_menu_typo_transform":"","ocean_menu_typo_transform_tablet":"","ocean_menu_typo_transform_mobile":"","ocean_menu_typo_line_height":0,"ocean_menu_typo_line_height_tablet":0,"ocean_menu_typo_line_height_mobile":0,"ocean_menu_typo_line_height_unit":"","ocean_menu_typo_spacing":0,"ocean_menu_typo_spacing_tablet":0,"ocean_menu_typo_spacing_mobile":0,"ocean_menu_typo_spacing_unit":"","ocean_menu_link_color":"","ocean_menu_link_color_hover":"","ocean_menu_link_color_active":"","ocean_menu_link_background":"","ocean_menu_link_hover_background":"","ocean_menu_link_active_background":"","ocean_menu_social_links_bg":"","ocean_menu_social_hover_links_bg":"","ocean_menu_social_links_color":"","ocean_menu_social_hover_links_color":"","ocean_disable_title":"default","ocean_disable_heading":"default","ocean_post_title":"","ocean_post_subheading":"","ocean_post_title_style":"","ocean_post_title_background_color":"","ocean_post_title_background":0,"ocean_post_title_bg_image_position":"","ocean_post_title_bg_image_attachment":"","ocean_post_title_bg_image_repeat":"","ocean_post_title_bg_image_size":"","ocean_post_title_height":0,"ocean_post_title_bg_overlay":0.5,"ocean_post_title_bg_overlay_color":"","ocean_disable_breadcrumbs":"default","ocean_breadcrumbs_color":"","ocean_breadcrumbs_separator_color":"","ocean_breadcrumbs_links_color":"","ocean_breadcrumbs_links_hover_color":"","ocean_display_footer_widgets":"default","ocean_display_footer_bottom":"default","ocean_custom_footer_template":"","footnotes":""},"class_list":["post-6248","page","type-page","status-publish","hentry","entry"],"acf":[],"yoast_head":"<!-- This site is optimized with the Yoast SEO Premium plugin v19.4 (Yoast SEO v26.7) - https:\/\/yoast.com\/wordpress\/plugins\/seo\/ -->\n<title>Pol\u00edtica de Privacidad | CXBlog<\/title>\n<meta name=\"robots\" content=\"index, follow, max-snippet:-1, max-image-preview:large, max-video-preview:-1\" \/>\n<link rel=\"canonical\" href=\"https:\/\/cxblog.com\/es\/politica-de-privacidad\/\" \/>\n<meta property=\"og:locale\" content=\"es_ES\" \/>\n<meta property=\"og:type\" content=\"article\" \/>\n<meta property=\"og:title\" content=\"Pol\u00edtica de Privacidad\" \/>\n<meta property=\"og:description\" content=\"Pol\u00edtica de Privacidad CX Blog es una marca de GoTelecom, Lda (GoContact). GoTelecom, Lda (GoContact) necesita recoger y tratar datos de personas especiales para su actividad. Esto incluye informaci\u00f3n de clientes, proveedores, contactos comerciales, colaboradores y otras personas y miembros de organizaciones que contact\u00f3 o que necesite contactar. Esta pol\u00edtica describe la forma como los [&hellip;]\" \/>\n<meta property=\"og:url\" content=\"https:\/\/cxblog.com\/es\/politica-de-privacidad\/\" \/>\n<meta property=\"og:site_name\" content=\"CXBlog\" \/>\n<meta property=\"article:modified_time\" content=\"2022-03-02T16:13:26+00:00\" \/>\n<meta name=\"twitter:card\" content=\"summary_large_image\" \/>\n<meta name=\"twitter:label1\" content=\"Tiempo de lectura\" \/>\n\t<meta name=\"twitter:data1\" content=\"3 minutos\" \/>\n<script type=\"application\/ld+json\" class=\"yoast-schema-graph\">{\"@context\":\"https:\/\/schema.org\",\"@graph\":[{\"@type\":\"WebPage\",\"@id\":\"https:\/\/cxblog.com\/es\/politica-de-privacidad\/\",\"url\":\"https:\/\/cxblog.com\/es\/politica-de-privacidad\/\",\"name\":\"Pol\u00edtica de Privacidad | CXBlog\",\"isPartOf\":{\"@id\":\"https:\/\/cxblog.com\/es\/#website\"},\"datePublished\":\"2021-08-23T09:14:58+00:00\",\"dateModified\":\"2022-03-02T16:13:26+00:00\",\"breadcrumb\":{\"@id\":\"https:\/\/cxblog.com\/es\/politica-de-privacidad\/#breadcrumb\"},\"inLanguage\":\"es\",\"potentialAction\":[{\"@type\":\"ReadAction\",\"target\":[\"https:\/\/cxblog.com\/es\/politica-de-privacidad\/\"]}]},{\"@type\":\"BreadcrumbList\",\"@id\":\"https:\/\/cxblog.com\/es\/politica-de-privacidad\/#breadcrumb\",\"itemListElement\":[{\"@type\":\"ListItem\",\"position\":1,\"name\":\"Home\",\"item\":\"https:\/\/cxblog.com\/es\/\"},{\"@type\":\"ListItem\",\"position\":2,\"name\":\"Pol\u00edtica de Privacidad\"}]},{\"@type\":\"WebSite\",\"@id\":\"https:\/\/cxblog.com\/es\/#website\",\"url\":\"https:\/\/cxblog.com\/es\/\",\"name\":\"CXBlog\",\"description\":\"\",\"publisher\":{\"@id\":\"https:\/\/cxblog.com\/es\/#organization\"},\"potentialAction\":[{\"@type\":\"SearchAction\",\"target\":{\"@type\":\"EntryPoint\",\"urlTemplate\":\"https:\/\/cxblog.com\/es\/?s={search_term_string}\"},\"query-input\":{\"@type\":\"PropertyValueSpecification\",\"valueRequired\":true,\"valueName\":\"search_term_string\"}}],\"inLanguage\":\"es\"},{\"@type\":\"Organization\",\"@id\":\"https:\/\/cxblog.com\/es\/#organization\",\"name\":\"CX Blog\",\"url\":\"https:\/\/cxblog.com\/es\/\",\"logo\":{\"@type\":\"ImageObject\",\"inLanguage\":\"es\",\"@id\":\"https:\/\/cxblog.com\/es\/#\/schema\/logo\/image\/\",\"url\":\"https:\/\/cxblog.com\/wp-content\/uploads\/2022\/01\/Logo-CXBlog-1.png\",\"contentUrl\":\"https:\/\/cxblog.com\/wp-content\/uploads\/2022\/01\/Logo-CXBlog-1.png\",\"width\":201,\"height\":66,\"caption\":\"CX Blog\"},\"image\":{\"@id\":\"https:\/\/cxblog.com\/es\/#\/schema\/logo\/image\/\"}}]}<\/script>\n<!-- \/ Yoast SEO Premium plugin. -->","yoast_head_json":{"title":"Pol\u00edtica de Privacidad | CXBlog","robots":{"index":"index","follow":"follow","max-snippet":"max-snippet:-1","max-image-preview":"max-image-preview:large","max-video-preview":"max-video-preview:-1"},"canonical":"https:\/\/cxblog.com\/es\/politica-de-privacidad\/","og_locale":"es_ES","og_type":"article","og_title":"Pol\u00edtica de Privacidad","og_description":"Pol\u00edtica de Privacidad CX Blog es una marca de GoTelecom, Lda (GoContact). GoTelecom, Lda (GoContact) necesita recoger y tratar datos de personas especiales para su actividad. Esto incluye informaci\u00f3n de clientes, proveedores, contactos comerciales, colaboradores y otras personas y miembros de organizaciones que contact\u00f3 o que necesite contactar. Esta pol\u00edtica describe la forma como los [&hellip;]","og_url":"https:\/\/cxblog.com\/es\/politica-de-privacidad\/","og_site_name":"CXBlog","article_modified_time":"2022-03-02T16:13:26+00:00","twitter_card":"summary_large_image","twitter_misc":{"Tiempo de lectura":"3 minutos"},"schema":{"@context":"https:\/\/schema.org","@graph":[{"@type":"WebPage","@id":"https:\/\/cxblog.com\/es\/politica-de-privacidad\/","url":"https:\/\/cxblog.com\/es\/politica-de-privacidad\/","name":"Pol\u00edtica de Privacidad | CXBlog","isPartOf":{"@id":"https:\/\/cxblog.com\/es\/#website"},"datePublished":"2021-08-23T09:14:58+00:00","dateModified":"2022-03-02T16:13:26+00:00","breadcrumb":{"@id":"https:\/\/cxblog.com\/es\/politica-de-privacidad\/#breadcrumb"},"inLanguage":"es","potentialAction":[{"@type":"ReadAction","target":["https:\/\/cxblog.com\/es\/politica-de-privacidad\/"]}]},{"@type":"BreadcrumbList","@id":"https:\/\/cxblog.com\/es\/politica-de-privacidad\/#breadcrumb","itemListElement":[{"@type":"ListItem","position":1,"name":"Home","item":"https:\/\/cxblog.com\/es\/"},{"@type":"ListItem","position":2,"name":"Pol\u00edtica de Privacidad"}]},{"@type":"WebSite","@id":"https:\/\/cxblog.com\/es\/#website","url":"https:\/\/cxblog.com\/es\/","name":"CXBlog","description":"","publisher":{"@id":"https:\/\/cxblog.com\/es\/#organization"},"potentialAction":[{"@type":"SearchAction","target":{"@type":"EntryPoint","urlTemplate":"https:\/\/cxblog.com\/es\/?s={search_term_string}"},"query-input":{"@type":"PropertyValueSpecification","valueRequired":true,"valueName":"search_term_string"}}],"inLanguage":"es"},{"@type":"Organization","@id":"https:\/\/cxblog.com\/es\/#organization","name":"CX Blog","url":"https:\/\/cxblog.com\/es\/","logo":{"@type":"ImageObject","inLanguage":"es","@id":"https:\/\/cxblog.com\/es\/#\/schema\/logo\/image\/","url":"https:\/\/cxblog.com\/wp-content\/uploads\/2022\/01\/Logo-CXBlog-1.png","contentUrl":"https:\/\/cxblog.com\/wp-content\/uploads\/2022\/01\/Logo-CXBlog-1.png","width":201,"height":66,"caption":"CX Blog"},"image":{"@id":"https:\/\/cxblog.com\/es\/#\/schema\/logo\/image\/"}}]}},"_links":{"self":[{"href":"https:\/\/cxblog.com\/es\/wp-json\/wp\/v2\/pages\/6248","targetHints":{"allow":["GET"]}}],"collection":[{"href":"https:\/\/cxblog.com\/es\/wp-json\/wp\/v2\/pages"}],"about":[{"href":"https:\/\/cxblog.com\/es\/wp-json\/wp\/v2\/types\/page"}],"author":[{"embeddable":true,"href":"https:\/\/cxblog.com\/es\/wp-json\/wp\/v2\/users\/1"}],"replies":[{"embeddable":true,"href":"https:\/\/cxblog.com\/es\/wp-json\/wp\/v2\/comments?post=6248"}],"version-history":[{"count":0,"href":"https:\/\/cxblog.com\/es\/wp-json\/wp\/v2\/pages\/6248\/revisions"}],"wp:attachment":[{"href":"https:\/\/cxblog.com\/es\/wp-json\/wp\/v2\/media?parent=6248"}],"curies":[{"name":"wp","href":"https:\/\/api.w.org\/{rel}","templated":true}]}}