{"id":6226,"date":"2022-02-01T12:19:26","date_gmt":"2022-02-01T12:19:26","guid":{"rendered":"https:\/\/cxblog.com\/become-a-blogger\/"},"modified":"2023-12-12T16:44:57","modified_gmt":"2023-12-12T16:44:57","slug":"become-a-blogger","status":"publish","type":"page","link":"https:\/\/cxblog.com\/pt-pt\/become-a-blogger\/","title":{"rendered":"Become a Blogger"},"content":{"rendered":"\t\t<div data-elementor-type=\"wp-page\" data-elementor-id=\"6226\" class=\"elementor elementor-6226 elementor-895\" data-elementor-post-type=\"page\">\n\t\t\t\t\t\t<section class=\"elementor-section elementor-top-section elementor-element elementor-element-32ae021 elementor-section-boxed elementor-section-height-default elementor-section-height-default\" data-id=\"32ae021\" data-element_type=\"section\" data-e-type=\"section\">\n\t\t\t\t\t\t<div class=\"elementor-container elementor-column-gap-default\">\n\t\t\t\t\t<div class=\"elementor-column elementor-col-100 elementor-top-column elementor-element elementor-element-b71346c\" data-id=\"b71346c\" data-element_type=\"column\" data-e-type=\"column\">\n\t\t\t<div class=\"elementor-widget-wrap elementor-element-populated\">\n\t\t\t\t\t\t<section class=\"elementor-section elementor-inner-section elementor-element elementor-element-be764e7 elementor-section-content-middle elementor-section-boxed elementor-section-height-default elementor-section-height-default\" data-id=\"be764e7\" data-element_type=\"section\" data-e-type=\"section\">\n\t\t\t\t\t\t<div class=\"elementor-container elementor-column-gap-default\">\n\t\t\t\t\t<div class=\"elementor-column elementor-col-50 elementor-inner-column elementor-element elementor-element-89f0450\" data-id=\"89f0450\" data-element_type=\"column\" data-e-type=\"column\">\n\t\t\t<div class=\"elementor-widget-wrap elementor-element-populated\">\n\t\t\t\t\t\t<div class=\"elementor-element elementor-element-d009489 elementor-widget elementor-widget-image\" data-id=\"d009489\" data-element_type=\"widget\" data-e-type=\"widget\" data-widget_type=\"image.default\">\n\t\t\t\t<div class=\"elementor-widget-container\">\n\t\t\t\t\t\t\t\t\t\t\t\t\t\t\t<img fetchpriority=\"high\" decoding=\"async\" width=\"811\" height=\"606\" src=\"https:\/\/cxblog.com\/wp-content\/uploads\/2022\/02\/top-section.png\" class=\"attachment-large size-large wp-image-1712\" alt=\"\" srcset=\"https:\/\/cxblog.com\/wp-content\/uploads\/2022\/02\/top-section.png 811w, https:\/\/cxblog.com\/wp-content\/uploads\/2022\/02\/top-section-300x224.png 300w, https:\/\/cxblog.com\/wp-content\/uploads\/2022\/02\/top-section-768x574.png 768w\" sizes=\"(max-width: 811px) 100vw, 811px\" \/>\t\t\t\t\t\t\t\t\t\t\t\t\t\t\t<\/div>\n\t\t\t\t<\/div>\n\t\t\t\t\t<\/div>\n\t\t<\/div>\n\t\t\t\t<div class=\"elementor-column elementor-col-50 elementor-inner-column elementor-element elementor-element-69263cb\" data-id=\"69263cb\" data-element_type=\"column\" data-e-type=\"column\">\n\t\t\t<div class=\"elementor-widget-wrap elementor-element-populated\">\n\t\t\t\t\t\t<div class=\"elementor-element elementor-element-15617d7 elementor-widget elementor-widget-text-editor\" data-id=\"15617d7\" data-element_type=\"widget\" data-e-type=\"widget\" data-widget_type=\"text-editor.default\">\n\t\t\t\t<div class=\"elementor-widget-container\">\n\t\t\t\t\t\t\t\t\t<h1 class=\"page-title__header\">Quero tornar-me um &nbsp;<span class=\"page-title__header-highlight\">blogger <\/span>do CXBlog!<\/h1>\t\t\t\t\t\t\t\t<\/div>\n\t\t\t\t<\/div>\n\t\t\t\t<div class=\"elementor-element elementor-element-43ae824 elementor-widget elementor-widget-text-editor\" data-id=\"43ae824\" data-element_type=\"widget\" data-e-type=\"widget\" data-widget_type=\"text-editor.default\">\n\t\t\t\t<div class=\"elementor-widget-container\">\n\t\t\t\t\t\t\t\t\t<p>Partilhe connosco conhecimentos, boas pr\u00e1ticas e tend\u00eancias sectores ligados aos Contact Centers, ao Apoio ao Cliente e \u00e0 Customer Experience.<\/p>\t\t\t\t\t\t\t\t<\/div>\n\t\t\t\t<\/div>\n\t\t\t\t\t<\/div>\n\t\t<\/div>\n\t\t\t\t\t<\/div>\n\t\t<\/section>\n\t\t\t\t\t<\/div>\n\t\t<\/div>\n\t\t\t\t\t<\/div>\n\t\t<\/section>\n\t\t\t\t<section class=\"elementor-section elementor-top-section elementor-element elementor-element-9b39310 elementor-section-boxed elementor-section-height-default elementor-section-height-default\" data-id=\"9b39310\" data-element_type=\"section\" data-e-type=\"section\">\n\t\t\t\t\t\t<div class=\"elementor-container elementor-column-gap-default\">\n\t\t\t\t\t<div class=\"elementor-column elementor-col-100 elementor-top-column elementor-element elementor-element-d12d642\" data-id=\"d12d642\" data-element_type=\"column\" data-e-type=\"column\">\n\t\t\t<div class=\"elementor-widget-wrap elementor-element-populated\">\n\t\t\t\t\t\t<div class=\"elementor-element elementor-element-de3eeae elementor-widget elementor-widget-heading\" data-id=\"de3eeae\" data-element_type=\"widget\" data-e-type=\"widget\" data-widget_type=\"heading.default\">\n\t\t\t\t<div class=\"elementor-widget-container\">\n\t\t\t\t\t<h2 class=\"elementor-heading-title elementor-size-default\">Preencha o nosso formul\u00e1rio<\/h2>\t\t\t\t<\/div>\n\t\t\t\t<\/div>\n\t\t\t\t<div class=\"elementor-element elementor-element-8bb1200 elementor-widget elementor-widget-heading\" data-id=\"8bb1200\" data-element_type=\"widget\" data-e-type=\"widget\" data-widget_type=\"heading.default\">\n\t\t\t\t<div class=\"elementor-widget-container\">\n\t\t\t\t\t<h2 class=\"elementor-heading-title elementor-size-default\">OU ENVIE EMAIL PARA O MARKETING@GOCONTACT.COM<\/h2>\t\t\t\t<\/div>\n\t\t\t\t<\/div>\n\t\t\t\t<div class=\"elementor-element elementor-element-6f4f43e elementor-widget elementor-widget-html\" data-id=\"6f4f43e\" data-element_type=\"widget\" data-e-type=\"widget\" data-widget_type=\"html.default\">\n\t\t\t\t<div class=\"elementor-widget-container\">\n\t\t\t\t\t<!--[if lte IE 8]>\r\n\r\n<script charset=\"utf-8\" type=\"text\/javascript\" src=\"\/\/js.hsforms.net\/forms\/v2-legacy.js\"><\/script>\r\n\r\n<![endif]-->\r\n<script charset=\"utf-8\" type=\"text\/javascript\" src=\"\/\/js.hsforms.net\/forms\/embed\/v2.js\"><\/script>\r\n<script>\r\n  hbspt.forms.create({\r\n    region: \"na1\",\r\n    portalId: \"2599369\",\r\n    formId: \"3faaaaa4-13c4-4175-858e-fea7e0b8e332\"\r\n  });\r\n<\/script>\t\t\t\t<\/div>\n\t\t\t\t<\/div>\n\t\t\t\t\t<\/div>\n\t\t<\/div>\n\t\t\t\t\t<\/div>\n\t\t<\/section>\n\t\t\t\t<\/div>\n\t\t","protected":false},"excerpt":{"rendered":"<p>Quero tornar-me um &nbsp;blogger do CXBlog! Partilhe connosco conhecimentos, boas pr\u00e1ticas e tend\u00eancias sectores ligados aos Contact Centers, ao Apoio ao Cliente e \u00e0 Customer Experience. Preencha o nosso formul\u00e1rio OU ENVIE EMAIL PARA O MARKETING@GOCONTACT.COM<\/p>\n","protected":false},"author":2,"featured_media":0,"parent":0,"menu_order":0,"comment_status":"closed","ping_status":"closed","template":"elementor_header_footer","meta":{"_acf_changed":false,"ocean_post_layout":"full-screen","ocean_both_sidebars_style":"","ocean_both_sidebars_content_width":0,"ocean_both_sidebars_sidebars_width":0,"ocean_sidebar":"0","ocean_second_sidebar":"0","ocean_disable_margins":"on","ocean_add_body_class":"","ocean_shortcode_before_top_bar":"","ocean_shortcode_after_top_bar":"","ocean_shortcode_before_header":"","ocean_shortcode_after_header":"","ocean_has_shortcode":"","ocean_shortcode_after_title":"","ocean_shortcode_before_footer_widgets":"","ocean_shortcode_after_footer_widgets":"","ocean_shortcode_before_footer_bottom":"","ocean_shortcode_after_footer_bottom":"","ocean_display_top_bar":"off","ocean_display_header":"default","ocean_header_style":"","ocean_center_header_left_menu":"0","ocean_custom_header_template":"0","ocean_custom_logo":0,"ocean_custom_retina_logo":0,"ocean_custom_logo_max_width":0,"ocean_custom_logo_tablet_max_width":0,"ocean_custom_logo_mobile_max_width":0,"ocean_custom_logo_max_height":0,"ocean_custom_logo_tablet_max_height":0,"ocean_custom_logo_mobile_max_height":0,"ocean_header_custom_menu":"0","ocean_menu_typo_font_family":"0","ocean_menu_typo_font_subset":"","ocean_menu_typo_font_size":0,"ocean_menu_typo_font_size_tablet":0,"ocean_menu_typo_font_size_mobile":0,"ocean_menu_typo_font_size_unit":"px","ocean_menu_typo_font_weight":"","ocean_menu_typo_font_weight_tablet":"","ocean_menu_typo_font_weight_mobile":"","ocean_menu_typo_transform":"","ocean_menu_typo_transform_tablet":"","ocean_menu_typo_transform_mobile":"","ocean_menu_typo_line_height":0,"ocean_menu_typo_line_height_tablet":0,"ocean_menu_typo_line_height_mobile":0,"ocean_menu_typo_line_height_unit":"","ocean_menu_typo_spacing":0,"ocean_menu_typo_spacing_tablet":0,"ocean_menu_typo_spacing_mobile":0,"ocean_menu_typo_spacing_unit":"","ocean_menu_link_color":"","ocean_menu_link_color_hover":"","ocean_menu_link_color_active":"","ocean_menu_link_background":"","ocean_menu_link_hover_background":"","ocean_menu_link_active_background":"","ocean_menu_social_links_bg":"","ocean_menu_social_hover_links_bg":"","ocean_menu_social_links_color":"","ocean_menu_social_hover_links_color":"","ocean_disable_title":"on","ocean_disable_heading":"default","ocean_post_title":"","ocean_post_subheading":"","ocean_post_title_style":"","ocean_post_title_background_color":"","ocean_post_title_background":0,"ocean_post_title_bg_image_position":"","ocean_post_title_bg_image_attachment":"","ocean_post_title_bg_image_repeat":"","ocean_post_title_bg_image_size":"","ocean_post_title_height":0,"ocean_post_title_bg_overlay":0.5,"ocean_post_title_bg_overlay_color":"","ocean_disable_breadcrumbs":"default","ocean_breadcrumbs_color":"","ocean_breadcrumbs_separator_color":"","ocean_breadcrumbs_links_color":"","ocean_breadcrumbs_links_hover_color":"","ocean_display_footer_widgets":"default","ocean_display_footer_bottom":"default","ocean_custom_footer_template":"0","footnotes":""},"class_list":["post-6226","page","type-page","status-publish","hentry","entry"],"acf":[],"yoast_head":"<!-- This site is optimized with the Yoast SEO Premium plugin v19.4 (Yoast SEO v26.7) - https:\/\/yoast.com\/wordpress\/plugins\/seo\/ -->\n<title>Become a Blogger | CXBlog<\/title>\n<meta name=\"robots\" content=\"index, follow, max-snippet:-1, max-image-preview:large, max-video-preview:-1\" \/>\n<link rel=\"canonical\" href=\"https:\/\/cxblog.com\/pt-pt\/become-a-blogger\/\" \/>\n<meta property=\"og:locale\" content=\"pt_PT\" \/>\n<meta property=\"og:type\" content=\"article\" \/>\n<meta property=\"og:title\" content=\"Become a Blogger\" \/>\n<meta property=\"og:description\" content=\"Quero tornar-me um &nbsp;blogger do CXBlog! Partilhe connosco conhecimentos, boas pr\u00e1ticas e tend\u00eancias sectores ligados aos Contact Centers, ao Apoio ao Cliente e \u00e0 Customer Experience. Preencha o nosso formul\u00e1rio OU ENVIE EMAIL PARA O MARKETING@GOCONTACT.COM\" \/>\n<meta property=\"og:url\" content=\"https:\/\/cxblog.com\/pt-pt\/become-a-blogger\/\" \/>\n<meta property=\"og:site_name\" content=\"CXBlog\" \/>\n<meta property=\"article:modified_time\" content=\"2023-12-12T16:44:57+00:00\" \/>\n<meta property=\"og:image\" content=\"https:\/\/cxblog.com\/wp-content\/uploads\/2022\/02\/top-section.png\" \/>\n<meta name=\"twitter:card\" content=\"summary_large_image\" \/>\n<meta name=\"twitter:label1\" content=\"Tempo estimado de leitura\" \/>\n\t<meta name=\"twitter:data1\" content=\"1 minuto\" \/>\n<script type=\"application\/ld+json\" class=\"yoast-schema-graph\">{\"@context\":\"https:\/\/schema.org\",\"@graph\":[{\"@type\":\"WebPage\",\"@id\":\"https:\/\/cxblog.com\/pt-pt\/become-a-blogger\/\",\"url\":\"https:\/\/cxblog.com\/pt-pt\/become-a-blogger\/\",\"name\":\"Become a Blogger | CXBlog\",\"isPartOf\":{\"@id\":\"https:\/\/cxblog.com\/pt-pt\/#website\"},\"primaryImageOfPage\":{\"@id\":\"https:\/\/cxblog.com\/pt-pt\/become-a-blogger\/#primaryimage\"},\"image\":{\"@id\":\"https:\/\/cxblog.com\/pt-pt\/become-a-blogger\/#primaryimage\"},\"thumbnailUrl\":\"https:\/\/cxblog.com\/wp-content\/uploads\/2022\/02\/top-section.png\",\"datePublished\":\"2022-02-01T12:19:26+00:00\",\"dateModified\":\"2023-12-12T16:44:57+00:00\",\"breadcrumb\":{\"@id\":\"https:\/\/cxblog.com\/pt-pt\/become-a-blogger\/#breadcrumb\"},\"inLanguage\":\"pt-PT\",\"potentialAction\":[{\"@type\":\"ReadAction\",\"target\":[\"https:\/\/cxblog.com\/pt-pt\/become-a-blogger\/\"]}]},{\"@type\":\"ImageObject\",\"inLanguage\":\"pt-PT\",\"@id\":\"https:\/\/cxblog.com\/pt-pt\/become-a-blogger\/#primaryimage\",\"url\":\"https:\/\/cxblog.com\/wp-content\/uploads\/2022\/02\/top-section.png\",\"contentUrl\":\"https:\/\/cxblog.com\/wp-content\/uploads\/2022\/02\/top-section.png\"},{\"@type\":\"BreadcrumbList\",\"@id\":\"https:\/\/cxblog.com\/pt-pt\/become-a-blogger\/#breadcrumb\",\"itemListElement\":[{\"@type\":\"ListItem\",\"position\":1,\"name\":\"Home\",\"item\":\"https:\/\/cxblog.com\/pt-pt\/\"},{\"@type\":\"ListItem\",\"position\":2,\"name\":\"Become a Blogger\"}]},{\"@type\":\"WebSite\",\"@id\":\"https:\/\/cxblog.com\/pt-pt\/#website\",\"url\":\"https:\/\/cxblog.com\/pt-pt\/\",\"name\":\"CXBlog\",\"description\":\"\",\"publisher\":{\"@id\":\"https:\/\/cxblog.com\/pt-pt\/#organization\"},\"potentialAction\":[{\"@type\":\"SearchAction\",\"target\":{\"@type\":\"EntryPoint\",\"urlTemplate\":\"https:\/\/cxblog.com\/pt-pt\/?s={search_term_string}\"},\"query-input\":{\"@type\":\"PropertyValueSpecification\",\"valueRequired\":true,\"valueName\":\"search_term_string\"}}],\"inLanguage\":\"pt-PT\"},{\"@type\":\"Organization\",\"@id\":\"https:\/\/cxblog.com\/pt-pt\/#organization\",\"name\":\"CX Blog\",\"url\":\"https:\/\/cxblog.com\/pt-pt\/\",\"logo\":{\"@type\":\"ImageObject\",\"inLanguage\":\"pt-PT\",\"@id\":\"https:\/\/cxblog.com\/pt-pt\/#\/schema\/logo\/image\/\",\"url\":\"https:\/\/cxblog.com\/wp-content\/uploads\/2022\/01\/Logo-CXBlog-1.png\",\"contentUrl\":\"https:\/\/cxblog.com\/wp-content\/uploads\/2022\/01\/Logo-CXBlog-1.png\",\"width\":201,\"height\":66,\"caption\":\"CX Blog\"},\"image\":{\"@id\":\"https:\/\/cxblog.com\/pt-pt\/#\/schema\/logo\/image\/\"}}]}<\/script>\n<!-- \/ Yoast SEO Premium plugin. -->","yoast_head_json":{"title":"Become a Blogger | CXBlog","robots":{"index":"index","follow":"follow","max-snippet":"max-snippet:-1","max-image-preview":"max-image-preview:large","max-video-preview":"max-video-preview:-1"},"canonical":"https:\/\/cxblog.com\/pt-pt\/become-a-blogger\/","og_locale":"pt_PT","og_type":"article","og_title":"Become a Blogger","og_description":"Quero tornar-me um &nbsp;blogger do CXBlog! Partilhe connosco conhecimentos, boas pr\u00e1ticas e tend\u00eancias sectores ligados aos Contact Centers, ao Apoio ao Cliente e \u00e0 Customer Experience. Preencha o nosso formul\u00e1rio OU ENVIE EMAIL PARA O MARKETING@GOCONTACT.COM","og_url":"https:\/\/cxblog.com\/pt-pt\/become-a-blogger\/","og_site_name":"CXBlog","article_modified_time":"2023-12-12T16:44:57+00:00","og_image":[{"url":"https:\/\/cxblog.com\/wp-content\/uploads\/2022\/02\/top-section.png","type":"","width":"","height":""}],"twitter_card":"summary_large_image","twitter_misc":{"Tempo estimado de leitura":"1 minuto"},"schema":{"@context":"https:\/\/schema.org","@graph":[{"@type":"WebPage","@id":"https:\/\/cxblog.com\/pt-pt\/become-a-blogger\/","url":"https:\/\/cxblog.com\/pt-pt\/become-a-blogger\/","name":"Become a Blogger | CXBlog","isPartOf":{"@id":"https:\/\/cxblog.com\/pt-pt\/#website"},"primaryImageOfPage":{"@id":"https:\/\/cxblog.com\/pt-pt\/become-a-blogger\/#primaryimage"},"image":{"@id":"https:\/\/cxblog.com\/pt-pt\/become-a-blogger\/#primaryimage"},"thumbnailUrl":"https:\/\/cxblog.com\/wp-content\/uploads\/2022\/02\/top-section.png","datePublished":"2022-02-01T12:19:26+00:00","dateModified":"2023-12-12T16:44:57+00:00","breadcrumb":{"@id":"https:\/\/cxblog.com\/pt-pt\/become-a-blogger\/#breadcrumb"},"inLanguage":"pt-PT","potentialAction":[{"@type":"ReadAction","target":["https:\/\/cxblog.com\/pt-pt\/become-a-blogger\/"]}]},{"@type":"ImageObject","inLanguage":"pt-PT","@id":"https:\/\/cxblog.com\/pt-pt\/become-a-blogger\/#primaryimage","url":"https:\/\/cxblog.com\/wp-content\/uploads\/2022\/02\/top-section.png","contentUrl":"https:\/\/cxblog.com\/wp-content\/uploads\/2022\/02\/top-section.png"},{"@type":"BreadcrumbList","@id":"https:\/\/cxblog.com\/pt-pt\/become-a-blogger\/#breadcrumb","itemListElement":[{"@type":"ListItem","position":1,"name":"Home","item":"https:\/\/cxblog.com\/pt-pt\/"},{"@type":"ListItem","position":2,"name":"Become a Blogger"}]},{"@type":"WebSite","@id":"https:\/\/cxblog.com\/pt-pt\/#website","url":"https:\/\/cxblog.com\/pt-pt\/","name":"CXBlog","description":"","publisher":{"@id":"https:\/\/cxblog.com\/pt-pt\/#organization"},"potentialAction":[{"@type":"SearchAction","target":{"@type":"EntryPoint","urlTemplate":"https:\/\/cxblog.com\/pt-pt\/?s={search_term_string}"},"query-input":{"@type":"PropertyValueSpecification","valueRequired":true,"valueName":"search_term_string"}}],"inLanguage":"pt-PT"},{"@type":"Organization","@id":"https:\/\/cxblog.com\/pt-pt\/#organization","name":"CX Blog","url":"https:\/\/cxblog.com\/pt-pt\/","logo":{"@type":"ImageObject","inLanguage":"pt-PT","@id":"https:\/\/cxblog.com\/pt-pt\/#\/schema\/logo\/image\/","url":"https:\/\/cxblog.com\/wp-content\/uploads\/2022\/01\/Logo-CXBlog-1.png","contentUrl":"https:\/\/cxblog.com\/wp-content\/uploads\/2022\/01\/Logo-CXBlog-1.png","width":201,"height":66,"caption":"CX Blog"},"image":{"@id":"https:\/\/cxblog.com\/pt-pt\/#\/schema\/logo\/image\/"}}]}},"_links":{"self":[{"href":"https:\/\/cxblog.com\/pt-pt\/wp-json\/wp\/v2\/pages\/6226","targetHints":{"allow":["GET"]}}],"collection":[{"href":"https:\/\/cxblog.com\/pt-pt\/wp-json\/wp\/v2\/pages"}],"about":[{"href":"https:\/\/cxblog.com\/pt-pt\/wp-json\/wp\/v2\/types\/page"}],"author":[{"embeddable":true,"href":"https:\/\/cxblog.com\/pt-pt\/wp-json\/wp\/v2\/users\/2"}],"replies":[{"embeddable":true,"href":"https:\/\/cxblog.com\/pt-pt\/wp-json\/wp\/v2\/comments?post=6226"}],"version-history":[{"count":0,"href":"https:\/\/cxblog.com\/pt-pt\/wp-json\/wp\/v2\/pages\/6226\/revisions"}],"wp:attachment":[{"href":"https:\/\/cxblog.com\/pt-pt\/wp-json\/wp\/v2\/media?parent=6226"}],"curies":[{"name":"wp","href":"https:\/\/api.w.org\/{rel}","templated":true}]}}