{"id":6245,"date":"2021-08-23T09:14:58","date_gmt":"2021-08-23T09:14:58","guid":{"rendered":"https:\/\/cxblog.com\/politica-de-privacidade\/"},"modified":"2022-03-02T15:37:50","modified_gmt":"2022-03-02T15:37:50","slug":"politica-de-privacidade","status":"publish","type":"page","link":"https:\/\/cxblog.com\/pt-pt\/politica-de-privacidade\/","title":{"rendered":"Pol\u00edtica De Privacidade"},"content":{"rendered":"\t\t<div data-elementor-type=\"wp-page\" data-elementor-id=\"6245\" class=\"elementor elementor-6245 elementor-3\" data-elementor-post-type=\"page\">\n\t\t\t\t\t\t<section class=\"elementor-section elementor-top-section elementor-element elementor-element-8e14838 elementor-section-boxed elementor-section-height-default elementor-section-height-default\" data-id=\"8e14838\" data-element_type=\"section\" data-e-type=\"section\">\n\t\t\t\t\t\t<div class=\"elementor-container elementor-column-gap-default\">\n\t\t\t\t\t<div class=\"elementor-column elementor-col-100 elementor-top-column elementor-element elementor-element-2c21db22\" data-id=\"2c21db22\" data-element_type=\"column\" data-e-type=\"column\">\n\t\t\t<div class=\"elementor-widget-wrap\">\n\t\t\t\t\t\t\t<\/div>\n\t\t<\/div>\n\t\t\t\t\t<\/div>\n\t\t<\/section>\n\t\t\t\t<section class=\"elementor-section elementor-top-section elementor-element elementor-element-903835b elementor-section-boxed elementor-section-height-default elementor-section-height-default\" data-id=\"903835b\" data-element_type=\"section\" data-e-type=\"section\">\n\t\t\t\t\t\t<div class=\"elementor-container elementor-column-gap-default\">\n\t\t\t\t\t<div class=\"elementor-column elementor-col-100 elementor-top-column elementor-element elementor-element-1fcf000\" data-id=\"1fcf000\" data-element_type=\"column\" data-e-type=\"column\">\n\t\t\t<div class=\"elementor-widget-wrap elementor-element-populated\">\n\t\t\t\t\t\t<div class=\"elementor-element elementor-element-0f354b0 elementor-widget elementor-widget-heading\" data-id=\"0f354b0\" data-element_type=\"widget\" data-e-type=\"widget\" data-widget_type=\"heading.default\">\n\t\t\t\t<div class=\"elementor-widget-container\">\n\t\t\t\t\t<h1 class=\"elementor-heading-title elementor-size-default\">Pol\u00edtica De Privacidade<\/h1>\t\t\t\t<\/div>\n\t\t\t\t<\/div>\n\t\t\t\t<div class=\"elementor-element elementor-element-94ed0e0 elementor-widget elementor-widget-text-editor\" data-id=\"94ed0e0\" data-element_type=\"widget\" data-e-type=\"widget\" data-widget_type=\"text-editor.default\">\n\t\t\t\t<div class=\"elementor-widget-container\">\n\t\t\t\t\t\t\t\t\t<p>CX Blog \u00e9 uma marca da Gotelecom, Lda.<\/p>\n<p>A Gotelecom, Lda. precisa de recolher e tratar dados pessoais de pessoas singulares para a sua atividade. Isto inclui informa\u00e7\u00e3o de clientes, fornecedores, contactos comerciais, colaboradores e de outras pessoas e membros de organiza\u00e7\u00f5es que contactou ou venha a necessitar contactar.<\/p>\n<p>Esta pol\u00edtica descreve a forma como os dados pessoais devem ser recolhidos, manipulados e armazenados de acordo com os requisitos de prote\u00e7\u00e3o de dados da Gotelecom, Lda. e com a lei, independente do seu suporte (eletr\u00f3nico, em papel ou em qualquer outro).<\/p>\t\t\t\t\t\t\t\t<\/div>\n\t\t\t\t<\/div>\n\t\t\t\t\t<\/div>\n\t\t<\/div>\n\t\t\t\t\t<\/div>\n\t\t<\/section>\n\t\t\t\t<section class=\"elementor-section elementor-top-section elementor-element elementor-element-194d262 elementor-section-boxed elementor-section-height-default elementor-section-height-default\" data-id=\"194d262\" data-element_type=\"section\" data-e-type=\"section\">\n\t\t\t\t\t\t<div class=\"elementor-container elementor-column-gap-default\">\n\t\t\t\t\t<div class=\"elementor-column elementor-col-100 elementor-top-column elementor-element elementor-element-72802f2\" data-id=\"72802f2\" data-element_type=\"column\" data-e-type=\"column\">\n\t\t\t<div class=\"elementor-widget-wrap elementor-element-populated\">\n\t\t\t\t\t\t<div class=\"elementor-element elementor-element-80b38da elementor-widget elementor-widget-heading\" data-id=\"80b38da\" data-element_type=\"widget\" data-e-type=\"widget\" data-widget_type=\"heading.default\">\n\t\t\t\t<div class=\"elementor-widget-container\">\n\t\t\t\t\t<h2 class=\"elementor-heading-title elementor-size-default\">Esta pol\u00edtica aplica-se:<\/h2>\t\t\t\t<\/div>\n\t\t\t\t<\/div>\n\t\t\t\t<div class=\"elementor-element elementor-element-585b5a6 elementor-widget elementor-widget-text-editor\" data-id=\"585b5a6\" data-element_type=\"widget\" data-e-type=\"widget\" data-widget_type=\"text-editor.default\">\n\t\t\t\t<div class=\"elementor-widget-container\">\n\t\t\t\t\t\t\t\t\t<ul><li>Para a sede da Gotelecom, Lda.<\/li>\n<li>Todas as filiais e sucursais da Gotelecom, Lda.<\/li>\n<li>Todos os colaboradores da Gotelecom, Lda. independentemente do tipo de contrato<\/li>\n<li>Todos os subcontratados, fornecedores e outras pessoas ou organiza\u00e7\u00f5es que atuem em nome da Gotelecom, Lda.<\/li>\n<\/ul>\t\t\t\t\t\t\t\t<\/div>\n\t\t\t\t<\/div>\n\t\t\t\t\t<\/div>\n\t\t<\/div>\n\t\t\t\t\t<\/div>\n\t\t<\/section>\n\t\t\t\t<section class=\"elementor-section elementor-top-section elementor-element elementor-element-70df254 elementor-section-boxed elementor-section-height-default elementor-section-height-default\" data-id=\"70df254\" data-element_type=\"section\" data-e-type=\"section\">\n\t\t\t\t\t\t<div class=\"elementor-container elementor-column-gap-default\">\n\t\t\t\t\t<div class=\"elementor-column elementor-col-100 elementor-top-column elementor-element elementor-element-e4f9578\" data-id=\"e4f9578\" data-element_type=\"column\" data-e-type=\"column\">\n\t\t\t<div class=\"elementor-widget-wrap elementor-element-populated\">\n\t\t\t\t\t\t<div class=\"elementor-element elementor-element-2257c4b elementor-widget elementor-widget-heading\" data-id=\"2257c4b\" data-element_type=\"widget\" data-e-type=\"widget\" data-widget_type=\"heading.default\">\n\t\t\t\t<div class=\"elementor-widget-container\">\n\t\t\t\t\t<h2 class=\"elementor-heading-title elementor-size-default\">Esta pol\u00edtica assegura que a Gotelecom, Lda:<\/h2>\t\t\t\t<\/div>\n\t\t\t\t<\/div>\n\t\t\t\t<div class=\"elementor-element elementor-element-be40b05 elementor-widget elementor-widget-text-editor\" data-id=\"be40b05\" data-element_type=\"widget\" data-e-type=\"widget\" data-widget_type=\"text-editor.default\">\n\t\t\t\t<div class=\"elementor-widget-container\">\n\t\t\t\t\t\t\t\t\t<ul><li>Cumpre a legisla\u00e7\u00e3o relativa \u00e0 prote\u00e7\u00e3o de dados pessoais, especialmente o Regulamento UE 2016\/679, de 27\/04.<\/li>\n<li>Protege os direitos de colaboradores, clientes e outros parceiros<\/li>\n<li>\u00c9 transparente sobre o modo como trata dados pessoais.<\/li>\n<li>Se protege do risco de viola\u00e7\u00f5es de dados pessoais.<\/li>\n<\/ul>\t\t\t\t\t\t\t\t<\/div>\n\t\t\t\t<\/div>\n\t\t\t\t\t<\/div>\n\t\t<\/div>\n\t\t\t\t\t<\/div>\n\t\t<\/section>\n\t\t\t\t<section class=\"elementor-section elementor-top-section elementor-element elementor-element-3ec759f elementor-section-boxed elementor-section-height-default elementor-section-height-default\" data-id=\"3ec759f\" data-element_type=\"section\" data-e-type=\"section\">\n\t\t\t\t\t\t<div class=\"elementor-container elementor-column-gap-default\">\n\t\t\t\t\t<div class=\"elementor-column elementor-col-100 elementor-top-column elementor-element elementor-element-f71a6f6\" data-id=\"f71a6f6\" data-element_type=\"column\" data-e-type=\"column\">\n\t\t\t<div class=\"elementor-widget-wrap elementor-element-populated\">\n\t\t\t\t\t\t<div class=\"elementor-element elementor-element-2b57588 elementor-widget elementor-widget-heading\" data-id=\"2b57588\" data-element_type=\"widget\" data-e-type=\"widget\" data-widget_type=\"heading.default\">\n\t\t\t\t<div class=\"elementor-widget-container\">\n\t\t\t\t\t<h2 class=\"elementor-heading-title elementor-size-default\">Os princ\u00edpios aplic\u00e1veis \u00e0 prote\u00e7\u00e3o de dados pessoais s\u00e3o:<\/h2>\t\t\t\t<\/div>\n\t\t\t\t<\/div>\n\t\t\t\t<div class=\"elementor-element elementor-element-97e710b elementor-widget elementor-widget-text-editor\" data-id=\"97e710b\" data-element_type=\"widget\" data-e-type=\"widget\" data-widget_type=\"text-editor.default\">\n\t\t\t\t<div class=\"elementor-widget-container\">\n\t\t\t\t\t\t\t\t\t<ol>\n<li>Licitude, lealdade e transpar\u00eancia: \u00e9 necess\u00e1rio identificar o fundamento legal de cada tratamento de dados e informar previamente os titulares em linguagem clara e acess\u00edvel sobre as finalidades e o modo como o fazemos.<\/li>\n<li>Limita\u00e7\u00e3o de finalidades: as finalidades espec\u00edficas do tratamento dos dados pessoais dever\u00e3o ser expl\u00edcitas, leg\u00edtimas e determinadas aquando da recolha dos dados pessoais. Os dados recolhidos com uma finalidade n\u00e3o devem ser utilizados para outra que n\u00e3o decorra da primeira.<\/li>\n<li>Adequa\u00e7\u00e3o, pertin\u00eancia e minimiza\u00e7\u00e3o: apenas ser\u00e3o tratados os dados pessoais necess\u00e1rios e adequados para os efeitos que se pretende alcan\u00e7ar.<\/li>\n<li>Exatid\u00e3o e atualiza\u00e7\u00e3o: devem ser tomadas as medidas necess\u00e1rias para assegurar que os dados inexatos s\u00e3o corrigidos ou apagados.<\/li>\n<li>Limita\u00e7\u00e3o de conserva\u00e7\u00e3o: os dados pessoais apenas ser\u00e3o guardados durante o tempo necess\u00e1rio para a finalidade a que se destinam. Para cada conjunto ser\u00e1 definido um prazo para apagamento ou destrui\u00e7\u00e3o.<\/li>\n<li>Seguran\u00e7a e confidencialidade: os dados pessoais ser\u00e3o armazenados de forma a garantir a sua prote\u00e7\u00e3o e o seu acesso ser\u00e1 condicionado de forma a garantir que apenas o pessoal autorizado pode trat\u00e1-los.<\/li>\n<li>Privacidade desde a conce\u00e7\u00e3o e por defeito: antes de se proceder a qualquer tratamento de dados, ser\u00e3o tomadas medidas para garantir que a privacidade \u00e9 uma preocupa\u00e7\u00e3o desde o in\u00edcio e ao longo de todo o processo de tratamento.<\/li>\n<\/ol>\t\t\t\t\t\t\t\t<\/div>\n\t\t\t\t<\/div>\n\t\t\t\t\t<\/div>\n\t\t<\/div>\n\t\t\t\t\t<\/div>\n\t\t<\/section>\n\t\t\t\t<section class=\"elementor-section elementor-top-section elementor-element elementor-element-d71abc8 elementor-section-boxed elementor-section-height-default elementor-section-height-default\" data-id=\"d71abc8\" data-element_type=\"section\" data-e-type=\"section\">\n\t\t\t\t\t\t<div class=\"elementor-container elementor-column-gap-default\">\n\t\t\t\t\t<div class=\"elementor-column elementor-col-100 elementor-top-column elementor-element elementor-element-eeca266\" data-id=\"eeca266\" data-element_type=\"column\" data-e-type=\"column\">\n\t\t\t<div class=\"elementor-widget-wrap elementor-element-populated\">\n\t\t\t\t\t\t<div class=\"elementor-element elementor-element-9cb9394 elementor-widget elementor-widget-text-editor\" data-id=\"9cb9394\" data-element_type=\"widget\" data-e-type=\"widget\" data-widget_type=\"text-editor.default\">\n\t\t\t\t<div class=\"elementor-widget-container\">\n\t\t\t\t\t\t\t\t\t<p>Os titulares dos dados t\u00eam direito de acesso, retifica\u00e7\u00e3o, limita\u00e7\u00e3o de finalidades, portabilidade, apagamento e oposi\u00e7\u00e3o a decis\u00f5es automatizadas.<\/p>\n<p>O colaborador que receber o contacto de um titular que pretenda exercer qualquer desses direitos, deve verificar a identidade antes de fornecer qualquer informa\u00e7\u00e3o, de acordo com o procedimento de exerc\u00edcio de direitos. Depois disso, deve encaminhar o pedido para o DPO para processamento.<\/p>\n<p>A Gotelecom, Lda. poder\u00e1 partilhar os dados com as autoridades p\u00fablicas sem conhecimento dos titulares no cumprimento de obriga\u00e7\u00e3o legal ou judicial.<\/p>\n<p>Aveiro, 12 de mar\u00e7o de 2018<\/p>\t\t\t\t\t\t\t\t<\/div>\n\t\t\t\t<\/div>\n\t\t\t\t\t<\/div>\n\t\t<\/div>\n\t\t\t\t\t<\/div>\n\t\t<\/section>\n\t\t\t\t<section class=\"elementor-section elementor-top-section elementor-element elementor-element-85c4596 elementor-section-boxed elementor-section-height-default elementor-section-height-default\" data-id=\"85c4596\" data-element_type=\"section\" data-e-type=\"section\">\n\t\t\t\t\t\t<div class=\"elementor-container elementor-column-gap-default\">\n\t\t\t\t\t<div class=\"elementor-column elementor-col-100 elementor-top-column elementor-element elementor-element-7992dee\" data-id=\"7992dee\" data-element_type=\"column\" data-e-type=\"column\">\n\t\t\t<div class=\"elementor-widget-wrap elementor-element-populated\">\n\t\t\t\t\t\t<div class=\"elementor-element elementor-element-44087d7 elementor-widget elementor-widget-heading\" data-id=\"44087d7\" data-element_type=\"widget\" data-e-type=\"widget\" data-widget_type=\"heading.default\">\n\t\t\t\t<div class=\"elementor-widget-container\">\n\t\t\t\t\t<h2 class=\"elementor-heading-title elementor-size-default\">Para qualquer quest\u00e3o relacionada com a Prote\u00e7\u00e3o de Dados Pessoais<\/h2>\t\t\t\t<\/div>\n\t\t\t\t<\/div>\n\t\t\t\t\t<\/div>\n\t\t<\/div>\n\t\t\t\t\t<\/div>\n\t\t<\/section>\n\t\t\t\t<\/div>\n\t\t","protected":false},"excerpt":{"rendered":"<p>Pol\u00edtica De Privacidade CX Blog \u00e9 uma marca da Gotelecom, Lda. A Gotelecom, Lda. precisa de recolher e tratar dados pessoais de pessoas singulares para a sua atividade. Isto inclui informa\u00e7\u00e3o de clientes, fornecedores, contactos comerciais, colaboradores e de outras pessoas e membros de organiza\u00e7\u00f5es que contactou ou venha a necessitar contactar. Esta pol\u00edtica descreve [&hellip;]<\/p>\n","protected":false},"author":1,"featured_media":0,"parent":0,"menu_order":0,"comment_status":"closed","ping_status":"open","template":"","meta":{"_acf_changed":false,"ocean_post_layout":"","ocean_both_sidebars_style":"","ocean_both_sidebars_content_width":0,"ocean_both_sidebars_sidebars_width":0,"ocean_sidebar":"","ocean_second_sidebar":"","ocean_disable_margins":"enable","ocean_add_body_class":"","ocean_shortcode_before_top_bar":"","ocean_shortcode_after_top_bar":"","ocean_shortcode_before_header":"","ocean_shortcode_after_header":"","ocean_has_shortcode":"","ocean_shortcode_after_title":"","ocean_shortcode_before_footer_widgets":"","ocean_shortcode_after_footer_widgets":"","ocean_shortcode_before_footer_bottom":"","ocean_shortcode_after_footer_bottom":"","ocean_display_top_bar":"default","ocean_display_header":"default","ocean_header_style":"","ocean_center_header_left_menu":"","ocean_custom_header_template":"","ocean_custom_logo":0,"ocean_custom_retina_logo":0,"ocean_custom_logo_max_width":0,"ocean_custom_logo_tablet_max_width":0,"ocean_custom_logo_mobile_max_width":0,"ocean_custom_logo_max_height":0,"ocean_custom_logo_tablet_max_height":0,"ocean_custom_logo_mobile_max_height":0,"ocean_header_custom_menu":"","ocean_menu_typo_font_family":"","ocean_menu_typo_font_subset":"","ocean_menu_typo_font_size":0,"ocean_menu_typo_font_size_tablet":0,"ocean_menu_typo_font_size_mobile":0,"ocean_menu_typo_font_size_unit":"px","ocean_menu_typo_font_weight":"","ocean_menu_typo_font_weight_tablet":"","ocean_menu_typo_font_weight_mobile":"","ocean_menu_typo_transform":"","ocean_menu_typo_transform_tablet":"","ocean_menu_typo_transform_mobile":"","ocean_menu_typo_line_height":0,"ocean_menu_typo_line_height_tablet":0,"ocean_menu_typo_line_height_mobile":0,"ocean_menu_typo_line_height_unit":"","ocean_menu_typo_spacing":0,"ocean_menu_typo_spacing_tablet":0,"ocean_menu_typo_spacing_mobile":0,"ocean_menu_typo_spacing_unit":"","ocean_menu_link_color":"","ocean_menu_link_color_hover":"","ocean_menu_link_color_active":"","ocean_menu_link_background":"","ocean_menu_link_hover_background":"","ocean_menu_link_active_background":"","ocean_menu_social_links_bg":"","ocean_menu_social_hover_links_bg":"","ocean_menu_social_links_color":"","ocean_menu_social_hover_links_color":"","ocean_disable_title":"default","ocean_disable_heading":"default","ocean_post_title":"","ocean_post_subheading":"","ocean_post_title_style":"","ocean_post_title_background_color":"","ocean_post_title_background":0,"ocean_post_title_bg_image_position":"","ocean_post_title_bg_image_attachment":"","ocean_post_title_bg_image_repeat":"","ocean_post_title_bg_image_size":"","ocean_post_title_height":0,"ocean_post_title_bg_overlay":0.5,"ocean_post_title_bg_overlay_color":"","ocean_disable_breadcrumbs":"default","ocean_breadcrumbs_color":"","ocean_breadcrumbs_separator_color":"","ocean_breadcrumbs_links_color":"","ocean_breadcrumbs_links_hover_color":"","ocean_display_footer_widgets":"default","ocean_display_footer_bottom":"default","ocean_custom_footer_template":"","footnotes":""},"class_list":["post-6245","page","type-page","status-publish","hentry","entry"],"acf":[],"yoast_head":"<!-- This site is optimized with the Yoast SEO Premium plugin v19.4 (Yoast SEO v26.7) - https:\/\/yoast.com\/wordpress\/plugins\/seo\/ -->\n<title>Pol\u00edtica De Privacidade | CXBlog<\/title>\n<meta name=\"robots\" content=\"index, follow, max-snippet:-1, max-image-preview:large, max-video-preview:-1\" \/>\n<link rel=\"canonical\" href=\"https:\/\/cxblog.com\/pt-pt\/politica-de-privacidade\/\" \/>\n<meta property=\"og:locale\" content=\"pt_PT\" \/>\n<meta property=\"og:type\" content=\"article\" \/>\n<meta property=\"og:title\" content=\"Pol\u00edtica De Privacidade\" \/>\n<meta property=\"og:description\" content=\"Pol\u00edtica De Privacidade CX Blog \u00e9 uma marca da Gotelecom, Lda. A Gotelecom, Lda. precisa de recolher e tratar dados pessoais de pessoas singulares para a sua atividade. Isto inclui informa\u00e7\u00e3o de clientes, fornecedores, contactos comerciais, colaboradores e de outras pessoas e membros de organiza\u00e7\u00f5es que contactou ou venha a necessitar contactar. Esta pol\u00edtica descreve [&hellip;]\" \/>\n<meta property=\"og:url\" content=\"https:\/\/cxblog.com\/pt-pt\/politica-de-privacidade\/\" \/>\n<meta property=\"og:site_name\" content=\"CXBlog\" \/>\n<meta property=\"article:modified_time\" content=\"2022-03-02T15:37:50+00:00\" \/>\n<meta name=\"twitter:card\" content=\"summary_large_image\" \/>\n<meta name=\"twitter:label1\" content=\"Tempo estimado de leitura\" \/>\n\t<meta name=\"twitter:data1\" content=\"3 minutos\" \/>\n<script type=\"application\/ld+json\" class=\"yoast-schema-graph\">{\"@context\":\"https:\/\/schema.org\",\"@graph\":[{\"@type\":\"WebPage\",\"@id\":\"https:\/\/cxblog.com\/pt-pt\/politica-de-privacidade\/\",\"url\":\"https:\/\/cxblog.com\/pt-pt\/politica-de-privacidade\/\",\"name\":\"Pol\u00edtica De Privacidade | CXBlog\",\"isPartOf\":{\"@id\":\"https:\/\/cxblog.com\/pt-pt\/#website\"},\"datePublished\":\"2021-08-23T09:14:58+00:00\",\"dateModified\":\"2022-03-02T15:37:50+00:00\",\"breadcrumb\":{\"@id\":\"https:\/\/cxblog.com\/pt-pt\/politica-de-privacidade\/#breadcrumb\"},\"inLanguage\":\"pt-PT\",\"potentialAction\":[{\"@type\":\"ReadAction\",\"target\":[\"https:\/\/cxblog.com\/pt-pt\/politica-de-privacidade\/\"]}]},{\"@type\":\"BreadcrumbList\",\"@id\":\"https:\/\/cxblog.com\/pt-pt\/politica-de-privacidade\/#breadcrumb\",\"itemListElement\":[{\"@type\":\"ListItem\",\"position\":1,\"name\":\"Home\",\"item\":\"https:\/\/cxblog.com\/pt-pt\/\"},{\"@type\":\"ListItem\",\"position\":2,\"name\":\"Pol\u00edtica De Privacidade\"}]},{\"@type\":\"WebSite\",\"@id\":\"https:\/\/cxblog.com\/pt-pt\/#website\",\"url\":\"https:\/\/cxblog.com\/pt-pt\/\",\"name\":\"CXBlog\",\"description\":\"\",\"publisher\":{\"@id\":\"https:\/\/cxblog.com\/pt-pt\/#organization\"},\"potentialAction\":[{\"@type\":\"SearchAction\",\"target\":{\"@type\":\"EntryPoint\",\"urlTemplate\":\"https:\/\/cxblog.com\/pt-pt\/?s={search_term_string}\"},\"query-input\":{\"@type\":\"PropertyValueSpecification\",\"valueRequired\":true,\"valueName\":\"search_term_string\"}}],\"inLanguage\":\"pt-PT\"},{\"@type\":\"Organization\",\"@id\":\"https:\/\/cxblog.com\/pt-pt\/#organization\",\"name\":\"CX Blog\",\"url\":\"https:\/\/cxblog.com\/pt-pt\/\",\"logo\":{\"@type\":\"ImageObject\",\"inLanguage\":\"pt-PT\",\"@id\":\"https:\/\/cxblog.com\/pt-pt\/#\/schema\/logo\/image\/\",\"url\":\"https:\/\/cxblog.com\/wp-content\/uploads\/2022\/01\/Logo-CXBlog-1.png\",\"contentUrl\":\"https:\/\/cxblog.com\/wp-content\/uploads\/2022\/01\/Logo-CXBlog-1.png\",\"width\":201,\"height\":66,\"caption\":\"CX Blog\"},\"image\":{\"@id\":\"https:\/\/cxblog.com\/pt-pt\/#\/schema\/logo\/image\/\"}}]}<\/script>\n<!-- \/ Yoast SEO Premium plugin. -->","yoast_head_json":{"title":"Pol\u00edtica De Privacidade | CXBlog","robots":{"index":"index","follow":"follow","max-snippet":"max-snippet:-1","max-image-preview":"max-image-preview:large","max-video-preview":"max-video-preview:-1"},"canonical":"https:\/\/cxblog.com\/pt-pt\/politica-de-privacidade\/","og_locale":"pt_PT","og_type":"article","og_title":"Pol\u00edtica De Privacidade","og_description":"Pol\u00edtica De Privacidade CX Blog \u00e9 uma marca da Gotelecom, Lda. A Gotelecom, Lda. precisa de recolher e tratar dados pessoais de pessoas singulares para a sua atividade. Isto inclui informa\u00e7\u00e3o de clientes, fornecedores, contactos comerciais, colaboradores e de outras pessoas e membros de organiza\u00e7\u00f5es que contactou ou venha a necessitar contactar. Esta pol\u00edtica descreve [&hellip;]","og_url":"https:\/\/cxblog.com\/pt-pt\/politica-de-privacidade\/","og_site_name":"CXBlog","article_modified_time":"2022-03-02T15:37:50+00:00","twitter_card":"summary_large_image","twitter_misc":{"Tempo estimado de leitura":"3 minutos"},"schema":{"@context":"https:\/\/schema.org","@graph":[{"@type":"WebPage","@id":"https:\/\/cxblog.com\/pt-pt\/politica-de-privacidade\/","url":"https:\/\/cxblog.com\/pt-pt\/politica-de-privacidade\/","name":"Pol\u00edtica De Privacidade | CXBlog","isPartOf":{"@id":"https:\/\/cxblog.com\/pt-pt\/#website"},"datePublished":"2021-08-23T09:14:58+00:00","dateModified":"2022-03-02T15:37:50+00:00","breadcrumb":{"@id":"https:\/\/cxblog.com\/pt-pt\/politica-de-privacidade\/#breadcrumb"},"inLanguage":"pt-PT","potentialAction":[{"@type":"ReadAction","target":["https:\/\/cxblog.com\/pt-pt\/politica-de-privacidade\/"]}]},{"@type":"BreadcrumbList","@id":"https:\/\/cxblog.com\/pt-pt\/politica-de-privacidade\/#breadcrumb","itemListElement":[{"@type":"ListItem","position":1,"name":"Home","item":"https:\/\/cxblog.com\/pt-pt\/"},{"@type":"ListItem","position":2,"name":"Pol\u00edtica De Privacidade"}]},{"@type":"WebSite","@id":"https:\/\/cxblog.com\/pt-pt\/#website","url":"https:\/\/cxblog.com\/pt-pt\/","name":"CXBlog","description":"","publisher":{"@id":"https:\/\/cxblog.com\/pt-pt\/#organization"},"potentialAction":[{"@type":"SearchAction","target":{"@type":"EntryPoint","urlTemplate":"https:\/\/cxblog.com\/pt-pt\/?s={search_term_string}"},"query-input":{"@type":"PropertyValueSpecification","valueRequired":true,"valueName":"search_term_string"}}],"inLanguage":"pt-PT"},{"@type":"Organization","@id":"https:\/\/cxblog.com\/pt-pt\/#organization","name":"CX Blog","url":"https:\/\/cxblog.com\/pt-pt\/","logo":{"@type":"ImageObject","inLanguage":"pt-PT","@id":"https:\/\/cxblog.com\/pt-pt\/#\/schema\/logo\/image\/","url":"https:\/\/cxblog.com\/wp-content\/uploads\/2022\/01\/Logo-CXBlog-1.png","contentUrl":"https:\/\/cxblog.com\/wp-content\/uploads\/2022\/01\/Logo-CXBlog-1.png","width":201,"height":66,"caption":"CX Blog"},"image":{"@id":"https:\/\/cxblog.com\/pt-pt\/#\/schema\/logo\/image\/"}}]}},"_links":{"self":[{"href":"https:\/\/cxblog.com\/pt-pt\/wp-json\/wp\/v2\/pages\/6245","targetHints":{"allow":["GET"]}}],"collection":[{"href":"https:\/\/cxblog.com\/pt-pt\/wp-json\/wp\/v2\/pages"}],"about":[{"href":"https:\/\/cxblog.com\/pt-pt\/wp-json\/wp\/v2\/types\/page"}],"author":[{"embeddable":true,"href":"https:\/\/cxblog.com\/pt-pt\/wp-json\/wp\/v2\/users\/1"}],"replies":[{"embeddable":true,"href":"https:\/\/cxblog.com\/pt-pt\/wp-json\/wp\/v2\/comments?post=6245"}],"version-history":[{"count":0,"href":"https:\/\/cxblog.com\/pt-pt\/wp-json\/wp\/v2\/pages\/6245\/revisions"}],"wp:attachment":[{"href":"https:\/\/cxblog.com\/pt-pt\/wp-json\/wp\/v2\/media?parent=6245"}],"curies":[{"name":"wp","href":"https:\/\/api.w.org\/{rel}","templated":true}]}}